{"id":2665,"date":"2023-12-04T08:48:41","date_gmt":"2023-12-04T08:48:41","guid":{"rendered":"https:\/\/dajobs.lademo.be\/a-propos\/"},"modified":"2026-01-02T12:49:26","modified_gmt":"2026-01-02T12:49:26","slug":"uber-dajobs","status":"publish","type":"page","link":"https:\/\/dajobs.lademo.be\/de\/uber-dajobs\/","title":{"rendered":"\u00dcber DaJobs"},"content":{"rendered":"","protected":false},"excerpt":{"rendered":"","protected":false},"author":1,"featured_media":5219,"parent":0,"menu_order":0,"comment_status":"closed","ping_status":"closed","template":"","meta":{"_acf_changed":false,"inline_featured_image":false,"footnotes":""},"class_list":["post-2665","page","type-page","status-publish","has-post-thumbnail","hentry"],"acf":{"header":{"":null,"image":5219,"title":"\u00dcber DaJobs ","text":"","search":false,"search_bar":{"title":"","placeholder":"","autocompletePlaceholder":"","button":""},"settings":{"visible":true,"anchor_name":""}},"sections":[{"acf_fc_layout":"text-video","left_right":false,"left_right_mobile":false,"align_center":false,"framed":false,"title":"","wysiwyg_video":"<h1><strong>Ein belgisches Familienunternehmen mit starken Werten<\/strong><\/h1>\r\n&nbsp;\r\n\r\nDaJobs ist ein <strong>belgisches Personalverwaltungsunternehmen<\/strong> <strong>mit \u00fcberschaubarer Gr\u00f6\u00dfe<\/strong>, das sich seit 70 Jahren in der dritten Generation in Familienbesitz befindet. Ein Wechsel von Vater zu Sohn, die sich durch ihre Werte, ihre Zukunftsvisionen und ihren Willen, das Unternehmen in die Zukunft zu f\u00fchren, auszeichnen.\r\n\r\nEin Weg, der von dem Willen gepr\u00e4gt ist, alle einzubeziehen <strong>#WelcometotheFamily<\/strong> und innovativ zu sein <strong>#WeLoveSolutions<\/strong>.\r\n\r\n&nbsp;\r\n\r\n<strong>Entdecken Sie unsere Geschichte in 3 Minuten &gt;&gt;<\/strong>","button":"","video":"https:\/\/youtu.be\/44AYzez3EJ4","settings":{"visible":true,"anchor_name":"","spacing_top":"medium","spacing_bottom":"medium"}},{"acf_fc_layout":"wysiwyg","framed":false,"wysiwyg":"<img class=\"aligncenter wp-image-5027 size-large\" src=\"https:\/\/dajobs.lademo.be\/app\/uploads\/2025\/12\/all-963x1024.png\" alt=\"\" width=\"963\" height=\"1024\" \/>","fullwidth":true,"settings":{"visible":true,"anchor_name":"","spacing_top":"medium","spacing_bottom":"medium"}},{"acf_fc_layout":"numbers","background_image":null,"title":"<h2><strong>DaJobs in Zahlenen<\/strong><\/h2>","items":[{"number":"+500","text":"Festangestellte "},{"number":"50K","text":"die pro Jahr eine Arbeit erhalten"},{"number":"+80","text":"JobCenters in Belgien"},{"number":"330","text":"Millioenen \u20ac Umsatz (2024)"},{"number":"10","text":"gr\u00f6\u00dfter Arbeitgeber in Br\u00fcssel"},{"number":"Top 35%","text":"von allen von EcoVadis weltweit bewerteten Unternehmen"}],"settings":{"visible":true,"anchor_name":"","spacing_top":"medium","spacing_bottom":"none"}},{"acf_fc_layout":"wysiwyg","framed":false,"wysiwyg":"<h2><strong><span class=\"text-primary-500\">Unsere Werte<\/span><\/strong><\/h2>","fullwidth":false,"settings":{"visible":true,"anchor_name":"","spacing_top":"medium","spacing_bottom":"none"}},{"acf_fc_layout":"cpt-values","slider":true,"title":"We Love Solutions!","items":[318,317,315,408,316,416],"button":{"title":"Alle unsere werten","url":"https:\/\/dajobs.lademo.be\/de\/werten\/","target":""},"settings":{"visible":true,"anchor_name":"about-1","heading_tag":"h2","spacing_top":"medium","spacing_bottom":"none"}},{"acf_fc_layout":"cpt-values","slider":true,"title":"Welcome to the Family!","items":[314,312,313,347,351,379,384],"button":"","settings":{"visible":true,"anchor_name":"about-2","heading_tag":"h2","spacing_top":"medium","spacing_bottom":"large"}},{"acf_fc_layout":"latest-news","title":"Nachrichten","button":{"title":"Alle Nachrichten anzeigen","url":"https:\/\/dajobs.lademo.be\/de\/nachricht\/","target":""},"settings":{"visible":true,"anchor_name":"","heading_tag":"h2","spacing_top":"large","spacing_bottom":"large"}}],"cta":{"":null,"background_image":2814,"title":"","items":[{"has_icon":true,"title":"Suchst du einen Job?","text":"","icon_group":{"icon_type":"light","icon":"magnifying-glass"},"image":null,"button":{"title":"Zu DaJobs","url":"https:\/\/app.dajobs.be","target":"_blank"}},{"has_icon":true,"title":"Interne Jobs","text":"","icon_group":{"icon_type":"light","icon":"people-group"},"image":null,"button":{"title":"Alle unsere internen Angebote","url":"https:\/\/app.dajobs.be\/job-offers\/search?contract_type_id%5B0%5D=8","target":"_blank"}},{"has_icon":true,"title":"Sind Sie Arbeitgeber?","text":"","icon_group":{"icon_type":"light","icon":"handshake"},"image":null,"button":{"title":"Entdecken Sie DaConnect","url":"https:\/\/daconnect.be\/de\/","target":"_blank"}},{"has_icon":true,"title":"M\u00fcssen Sie uns kontaktieren?","text":"","icon_group":{"icon_type":"light","icon":"headset"},"image":null,"button":{"title":"Unsere JobCenters","url":"https:\/\/dajobs.lademo.be\/de\/contact\/","target":""}}],"settings":{"visible":true,"anchor_name":"","heading_tag":"h2"}},"settings":{"has_offset":false}},"yoast_head":"<!-- This site is optimized with the Yoast SEO plugin v26.9 - https:\/\/yoast.com\/product\/yoast-seo-wordpress\/ -->\n<title>Entdecken Sie die DNA von DaJobs, ein unternehmen mit starken Werten<\/title>\n<meta name=\"description\" content=\"Ein Unternehmen, das schon immer von seinem Bed\u00fcrfnis nach Inklusion und seinem st\u00e4ndigen Innovationsdrang gepr\u00e4gt war.\" \/>\n<meta name=\"robots\" content=\"noindex, follow, max-snippet:-1, max-image-preview:large, max-video-preview:-1\" \/>\n<meta property=\"og:locale\" content=\"de_DE\" \/>\n<meta property=\"og:type\" content=\"article\" \/>\n<meta property=\"og:title\" content=\"Entdecken Sie die DNA von DaJobs, ein unternehmen mit starken Werten\" \/>\n<meta property=\"og:description\" content=\"Ein Unternehmen, das schon immer von seinem Bed\u00fcrfnis nach Inklusion und seinem st\u00e4ndigen Innovationsdrang gepr\u00e4gt war.\" \/>\n<meta property=\"og:url\" content=\"https:\/\/dajobs.lademo.be\/de\/uber-dajobs\/\" \/>\n<meta property=\"og:site_name\" content=\"DaJobs\" \/>\n<meta property=\"article:publisher\" content=\"https:\/\/www.facebook.com\/DaoustHR\" \/>\n<meta property=\"article:modified_time\" content=\"2026-01-02T12:49:26+00:00\" \/>\n<meta property=\"og:image\" content=\"https:\/\/dajobs.lademo.be\/app\/uploads\/2026\/01\/visuel-chef-rgb-1024x895.jpg\" \/>\n\t<meta property=\"og:image:width\" content=\"1024\" \/>\n\t<meta property=\"og:image:height\" content=\"895\" \/>\n\t<meta property=\"og:image:type\" content=\"image\/jpeg\" \/>\n<meta name=\"twitter:card\" content=\"summary_large_image\" \/>\n<meta name=\"twitter:label1\" content=\"Est. reading time\" \/>\n\t<meta name=\"twitter:data1\" content=\"2 minutes\" \/>\n<script type=\"application\/ld+json\" class=\"yoast-schema-graph\">{\"@context\":\"https:\/\/schema.org\",\"@graph\":[{\"@type\":\"WebPage\",\"@id\":\"https:\/\/dajobs.lademo.be\/de\/uber-dajobs\/\",\"url\":\"https:\/\/dajobs.lademo.be\/de\/uber-dajobs\/\",\"name\":\"Entdecken Sie die DNA von DaJobs, ein unternehmen mit starken Werten\",\"isPartOf\":{\"@id\":\"https:\/\/daoust.lademo.be\/#website\"},\"primaryImageOfPage\":{\"@id\":\"https:\/\/dajobs.lademo.be\/de\/uber-dajobs\/#primaryimage\"},\"image\":{\"@id\":\"https:\/\/dajobs.lademo.be\/de\/uber-dajobs\/#primaryimage\"},\"thumbnailUrl\":\"https:\/\/dajobs.lademo.be\/app\/uploads\/2026\/01\/visuel-chef-rgb.jpg\",\"datePublished\":\"2023-12-04T08:48:41+00:00\",\"dateModified\":\"2026-01-02T12:49:26+00:00\",\"description\":\"Ein Unternehmen, das schon immer von seinem Bed\u00fcrfnis nach Inklusion und seinem st\u00e4ndigen Innovationsdrang gepr\u00e4gt war.\",\"breadcrumb\":{\"@id\":\"https:\/\/dajobs.lademo.be\/de\/uber-dajobs\/#breadcrumb\"},\"inLanguage\":\"de-DE\",\"potentialAction\":[{\"@type\":\"ReadAction\",\"target\":[\"https:\/\/dajobs.lademo.be\/de\/uber-dajobs\/\"]}]},{\"@type\":\"ImageObject\",\"inLanguage\":\"de-DE\",\"@id\":\"https:\/\/dajobs.lademo.be\/de\/uber-dajobs\/#primaryimage\",\"url\":\"https:\/\/dajobs.lademo.be\/app\/uploads\/2026\/01\/visuel-chef-rgb.jpg\",\"contentUrl\":\"https:\/\/dajobs.lademo.be\/app\/uploads\/2026\/01\/visuel-chef-rgb.jpg\",\"width\":2197,\"height\":1921},{\"@type\":\"BreadcrumbList\",\"@id\":\"https:\/\/dajobs.lademo.be\/de\/uber-dajobs\/#breadcrumb\",\"itemListElement\":[{\"@type\":\"ListItem\",\"position\":1,\"name\":\"Home\",\"item\":\"https:\/\/dajobs.lademo.be\/de\/\"},{\"@type\":\"ListItem\",\"position\":2,\"name\":\"\u00dcber DaJobs\"}]},{\"@type\":\"WebSite\",\"@id\":\"https:\/\/daoust.lademo.be\/#website\",\"url\":\"https:\/\/daoust.lademo.be\/\",\"name\":\"Daoust\",\"description\":\"\",\"publisher\":{\"@id\":\"https:\/\/daoust.lademo.be\/#organization\"},\"potentialAction\":[{\"@type\":\"SearchAction\",\"target\":{\"@type\":\"EntryPoint\",\"urlTemplate\":\"https:\/\/daoust.lademo.be\/?s={search_term_string}\"},\"query-input\":{\"@type\":\"PropertyValueSpecification\",\"valueRequired\":true,\"valueName\":\"search_term_string\"}}],\"inLanguage\":\"de-DE\"},{\"@type\":\"Organization\",\"@id\":\"https:\/\/daoust.lademo.be\/#organization\",\"name\":\"Daoust\",\"url\":\"https:\/\/daoust.lademo.be\/\",\"logo\":{\"@type\":\"ImageObject\",\"inLanguage\":\"de-DE\",\"@id\":\"https:\/\/daoust.lademo.be\/#\/schema\/logo\/image\/\",\"url\":\"https:\/\/dajobs.lademo.be\/app\/uploads\/2024\/03\/group.svg\",\"contentUrl\":\"https:\/\/dajobs.lademo.be\/app\/uploads\/2024\/03\/group.svg\",\"width\":165,\"height\":23,\"caption\":\"Daoust\"},\"image\":{\"@id\":\"https:\/\/daoust.lademo.be\/#\/schema\/logo\/image\/\"},\"sameAs\":[\"https:\/\/www.facebook.com\/DaoustHR\",\"https:\/\/www.linkedin.com\/company\/daoust\",\"https:\/\/www.instagram.com\/daoust_hr\/\"]}]}<\/script>\n<!-- \/ Yoast SEO plugin. -->","yoast_head_json":{"title":"Entdecken Sie die DNA von DaJobs, ein unternehmen mit starken Werten","description":"Ein Unternehmen, das schon immer von seinem Bed\u00fcrfnis nach Inklusion und seinem st\u00e4ndigen Innovationsdrang gepr\u00e4gt war.","robots":{"index":"noindex","follow":"follow","max-snippet":"max-snippet:-1","max-image-preview":"max-image-preview:large","max-video-preview":"max-video-preview:-1"},"og_locale":"de_DE","og_type":"article","og_title":"Entdecken Sie die DNA von DaJobs, ein unternehmen mit starken Werten","og_description":"Ein Unternehmen, das schon immer von seinem Bed\u00fcrfnis nach Inklusion und seinem st\u00e4ndigen Innovationsdrang gepr\u00e4gt war.","og_url":"https:\/\/dajobs.lademo.be\/de\/uber-dajobs\/","og_site_name":"DaJobs","article_publisher":"https:\/\/www.facebook.com\/DaoustHR","article_modified_time":"2026-01-02T12:49:26+00:00","og_image":[{"width":1024,"height":895,"url":"https:\/\/dajobs.lademo.be\/app\/uploads\/2026\/01\/visuel-chef-rgb-1024x895.jpg","type":"image\/jpeg"}],"twitter_card":"summary_large_image","twitter_misc":{"Est. reading time":"2 minutes"},"schema":{"@context":"https:\/\/schema.org","@graph":[{"@type":"WebPage","@id":"https:\/\/dajobs.lademo.be\/de\/uber-dajobs\/","url":"https:\/\/dajobs.lademo.be\/de\/uber-dajobs\/","name":"Entdecken Sie die DNA von DaJobs, ein unternehmen mit starken Werten","isPartOf":{"@id":"https:\/\/daoust.lademo.be\/#website"},"primaryImageOfPage":{"@id":"https:\/\/dajobs.lademo.be\/de\/uber-dajobs\/#primaryimage"},"image":{"@id":"https:\/\/dajobs.lademo.be\/de\/uber-dajobs\/#primaryimage"},"thumbnailUrl":"https:\/\/dajobs.lademo.be\/app\/uploads\/2026\/01\/visuel-chef-rgb.jpg","datePublished":"2023-12-04T08:48:41+00:00","dateModified":"2026-01-02T12:49:26+00:00","description":"Ein Unternehmen, das schon immer von seinem Bed\u00fcrfnis nach Inklusion und seinem st\u00e4ndigen Innovationsdrang gepr\u00e4gt war.","breadcrumb":{"@id":"https:\/\/dajobs.lademo.be\/de\/uber-dajobs\/#breadcrumb"},"inLanguage":"de-DE","potentialAction":[{"@type":"ReadAction","target":["https:\/\/dajobs.lademo.be\/de\/uber-dajobs\/"]}]},{"@type":"ImageObject","inLanguage":"de-DE","@id":"https:\/\/dajobs.lademo.be\/de\/uber-dajobs\/#primaryimage","url":"https:\/\/dajobs.lademo.be\/app\/uploads\/2026\/01\/visuel-chef-rgb.jpg","contentUrl":"https:\/\/dajobs.lademo.be\/app\/uploads\/2026\/01\/visuel-chef-rgb.jpg","width":2197,"height":1921},{"@type":"BreadcrumbList","@id":"https:\/\/dajobs.lademo.be\/de\/uber-dajobs\/#breadcrumb","itemListElement":[{"@type":"ListItem","position":1,"name":"Home","item":"https:\/\/dajobs.lademo.be\/de\/"},{"@type":"ListItem","position":2,"name":"\u00dcber DaJobs"}]},{"@type":"WebSite","@id":"https:\/\/daoust.lademo.be\/#website","url":"https:\/\/daoust.lademo.be\/","name":"Daoust","description":"","publisher":{"@id":"https:\/\/daoust.lademo.be\/#organization"},"potentialAction":[{"@type":"SearchAction","target":{"@type":"EntryPoint","urlTemplate":"https:\/\/daoust.lademo.be\/?s={search_term_string}"},"query-input":{"@type":"PropertyValueSpecification","valueRequired":true,"valueName":"search_term_string"}}],"inLanguage":"de-DE"},{"@type":"Organization","@id":"https:\/\/daoust.lademo.be\/#organization","name":"Daoust","url":"https:\/\/daoust.lademo.be\/","logo":{"@type":"ImageObject","inLanguage":"de-DE","@id":"https:\/\/daoust.lademo.be\/#\/schema\/logo\/image\/","url":"https:\/\/dajobs.lademo.be\/app\/uploads\/2024\/03\/group.svg","contentUrl":"https:\/\/dajobs.lademo.be\/app\/uploads\/2024\/03\/group.svg","width":165,"height":23,"caption":"Daoust"},"image":{"@id":"https:\/\/daoust.lademo.be\/#\/schema\/logo\/image\/"},"sameAs":["https:\/\/www.facebook.com\/DaoustHR","https:\/\/www.linkedin.com\/company\/daoust","https:\/\/www.instagram.com\/daoust_hr\/"]}]}},"_links":{"self":[{"href":"https:\/\/dajobs.lademo.be\/de\/wp-json\/wp\/v2\/pages\/2665","targetHints":{"allow":["GET"]}}],"collection":[{"href":"https:\/\/dajobs.lademo.be\/de\/wp-json\/wp\/v2\/pages"}],"about":[{"href":"https:\/\/dajobs.lademo.be\/de\/wp-json\/wp\/v2\/types\/page"}],"author":[{"embeddable":true,"href":"https:\/\/dajobs.lademo.be\/de\/wp-json\/wp\/v2\/users\/1"}],"replies":[{"embeddable":true,"href":"https:\/\/dajobs.lademo.be\/de\/wp-json\/wp\/v2\/comments?post=2665"}],"version-history":[{"count":20,"href":"https:\/\/dajobs.lademo.be\/de\/wp-json\/wp\/v2\/pages\/2665\/revisions"}],"predecessor-version":[{"id":5223,"href":"https:\/\/dajobs.lademo.be\/de\/wp-json\/wp\/v2\/pages\/2665\/revisions\/5223"}],"wp:featuredmedia":[{"embeddable":true,"href":"https:\/\/dajobs.lademo.be\/de\/wp-json\/wp\/v2\/media\/5219"}],"wp:attachment":[{"href":"https:\/\/dajobs.lademo.be\/de\/wp-json\/wp\/v2\/media?parent=2665"}],"curies":[{"name":"wp","href":"https:\/\/api.w.org\/{rel}","templated":true}]}}