{"id":2690,"date":"2023-12-04T08:49:51","date_gmt":"2023-12-04T08:49:51","guid":{"rendered":"https:\/\/dajobs.lademo.be\/contact\/"},"modified":"2026-01-02T13:02:22","modified_gmt":"2026-01-02T13:02:22","slug":"contact","status":"publish","type":"page","link":"https:\/\/dajobs.lademo.be\/de\/contact\/","title":{"rendered":"Contact"},"content":{"rendered":"","protected":false},"excerpt":{"rendered":"","protected":false},"author":1,"featured_media":5227,"parent":0,"menu_order":0,"comment_status":"closed","ping_status":"closed","template":"","meta":{"_acf_changed":false,"inline_featured_image":false,"footnotes":""},"class_list":["post-2690","page","type-page","status-publish","has-post-thumbnail","hentry"],"acf":{"header":{"":null,"image":5232,"title":"JobCenters & Contact","text":"","search":false,"search_bar":{"title":"","placeholder":"","autocompletePlaceholder":"","button":""},"settings":{"visible":true,"anchor_name":""}},"sections":[{"acf_fc_layout":"wysiwyg","framed":false,"wysiwyg":"<h1>Alle unsere JobCenter sind <span style=\"color: #db2032;\">von Montag bis Freitag von 8:30 bis 12:30 Uhr und von 13:30 bis 17:30 Uhr <\/span>telefonisch erreichbar.<\/h1>\r\n&nbsp;\r\n\r\nM\u00f6chten Sie uns lieber pers\u00f6nlich treffen?\r\n\r\n&nbsp;\r\n\r\nBitte \u00fcberpr\u00fcfen Sie die \u00d6ffnungszeiten des n\u00e4chstgelegenen JobCenters unten.","fullwidth":false,"settings":{"visible":true,"anchor_name":"","spacing_top":"medium","spacing_bottom":"medium"}},{"acf_fc_layout":"map","title":"Finden Sie das n\u00e4chstgelegene JobCenter!","small_modal_button":"Weitere Informationen","input_placeholder_text":"Postleitzahl\/Ort","schedule_title":"\u00d6ffnungszeiten","schedule_subtitle":"","schedule_keywords":{"am_title":"Matin","pm_title":"Apres-Midi","from":"von","to":"zu","appointment":"nur nach Vereinbarung erh\u00e4ltlich"},"contact_form_title":"","default_map":{"address":"Bruxelles, Belgique","lat":50.8476424,"lng":4.3571696,"zoom":14,"place_id":"ChIJZ2jHc-2kw0cRpwJzeGY6i8E","name":"Bruxelles","city":"Bruxelles","state":"Bruxelles","country":"Belgique","country_short":"BE"},"form":"2","settings":{"visible":true,"anchor_name":"","spacing_top":"medium","spacing_bottom":"medium"}},{"acf_fc_layout":"contact","items":[{"title":"Allgemeine Informationen","text":"","infos":[{"icon_type":"light","icon":"phone","text":"Kontaktzentrum: <a href=\"tel:070\/22 11 40\">070\/22 11 40<\/a>"},{"icon_type":"light","icon":"phone","text":"Hauptsitz: <a href=\"tel:02\/513 14 14\">02\/513 14 14<\/a>"},{"icon_type":"light","icon":"envelope","text":"<a href=\"mailto:info@dajobs.be\">info@dajobs.be<\/a>"},{"icon_type":"light","icon":"location-pin","text":"<a href=\"https:\/\/www.google.com\/maps\/place\/Daoust+Si%C3%A8ge+Bruxelles-Brussel\/@50.836882,4.3694056,14z\/data=!4m6!3m5!1s0x47c3c46283e95a31:0xe5dd1b3a3587159b!8m2!3d50.8357609!4d4.356076!16s%2Fg%2F1tcydml1?entry=ttu\">Galerie de la Porte Louise 203\/5, 1050 Br\u00fcssel<\/a>"}]},{"title":"Lohnabrechnungsservice","text":"F\u00fcr alle Fragen rund um Ihre Verg\u00fctung als Zeitarbeiter bei DaJobs.","infos":[{"icon_type":"light","icon":"phone","text":"<a href=\"tel:02\/548.94.22\">02\/548.94.22<\/a>"},{"icon_type":"light","icon":"envelope","text":"<a href=\"mailto:interimservice@dajobs.be\">interimservice@dajobs.be<\/a>"}]},{"title":"Kundenservice","text":"F\u00fcr alle Fragen zu den Vertr\u00e4gen Ihrer Zeitarbeiter und zur Rechnungsstellung.","infos":[{"icon_type":"light","icon":"phone","text":"<a href=\"tel:02\/506.45.25\">02\/506.45.25<\/a>"},{"icon_type":"light","icon":"envelope","text":"<a href=\"mailto:customerservice@dajobs.be\">customerservice@dajobs.be<\/a>"}]},{"title":"Outplacement","text":"","infos":[{"icon_type":"light","icon":"phone","text":"<a href=\"tel:02\/891.30.11\">02\/891.30.11<\/a>"},{"icon_type":"light","icon":"envelope","text":"<a href=\"mailto:outplacement@dajobs.be\">outplacement@dajobs.be<\/a>"}]}],"settings":{"visible":true,"anchor_name":"","spacing_top":"medium","spacing_bottom":"medium"}}],"cta":{"":null,"background_image":1173,"title":"","items":[{"has_icon":true,"title":"We Love Solutions!","text":"","icon_group":{"icon_type":"light","icon":"face-smile"},"image":null,"button":{"title":"Entdecken Sie unsere Werte","url":"https:\/\/dajobs.lademo.be\/en\/values\/","target":""}},{"has_icon":true,"title":"Sind Sie Arbeitgeber?","text":"","icon_group":{"icon_type":"light","icon":"handshake"},"image":null,"button":{"title":"Entdecken Sie DaConnect","url":"https:\/\/daconnect.be\/de\/","target":"_blank"}}],"settings":{"visible":true,"anchor_name":"","heading_tag":"h2"}},"settings":{"has_offset":false}},"yoast_head":"<!-- This site is optimized with the Yoast SEO plugin v26.9 - https:\/\/yoast.com\/product\/yoast-seo-wordpress\/ -->\n<title>DaJobs - Kontaktieren Sie uns so schnell wie m\u00f6glich!<\/title>\n<meta name=\"description\" content=\"Es gibt ein DaJobs JobCenter in Ihrer N\u00e4he. Unsere Teams stehen Ihnen zur Verf\u00fcgung, um all Ihre Fragen schnell zu beantworten!\" \/>\n<meta name=\"robots\" content=\"noindex, follow, max-snippet:-1, max-image-preview:large, max-video-preview:-1\" \/>\n<meta property=\"og:locale\" content=\"de_DE\" \/>\n<meta property=\"og:type\" content=\"article\" \/>\n<meta property=\"og:title\" content=\"DaJobs - Kontaktieren Sie uns so schnell wie m\u00f6glich!\" \/>\n<meta property=\"og:description\" content=\"Es gibt ein DaJobs JobCenter in Ihrer N\u00e4he. Unsere Teams stehen Ihnen zur Verf\u00fcgung, um all Ihre Fragen schnell zu beantworten!\" \/>\n<meta property=\"og:url\" content=\"https:\/\/dajobs.lademo.be\/de\/contact\/\" \/>\n<meta property=\"og:site_name\" content=\"DaJobs\" \/>\n<meta property=\"article:publisher\" content=\"https:\/\/www.facebook.com\/DaoustHR\" \/>\n<meta property=\"article:modified_time\" content=\"2026-01-02T13:02:22+00:00\" \/>\n<meta property=\"og:image\" content=\"https:\/\/dajobs.lademo.be\/app\/uploads\/2026\/01\/visuel-bureau-rgb-943x1024.jpg\" \/>\n\t<meta property=\"og:image:width\" content=\"943\" \/>\n\t<meta property=\"og:image:height\" content=\"1024\" \/>\n\t<meta property=\"og:image:type\" content=\"image\/jpeg\" \/>\n<meta name=\"twitter:card\" content=\"summary_large_image\" \/>\n<meta name=\"twitter:label1\" content=\"Est. reading time\" \/>\n\t<meta name=\"twitter:data1\" content=\"2 minutes\" \/>\n<script type=\"application\/ld+json\" class=\"yoast-schema-graph\">{\"@context\":\"https:\/\/schema.org\",\"@graph\":[{\"@type\":[\"WebPage\",\"ContactPage\"],\"@id\":\"https:\/\/dajobs.lademo.be\/de\/contact\/\",\"url\":\"https:\/\/dajobs.lademo.be\/de\/contact\/\",\"name\":\"DaJobs - Kontaktieren Sie uns so schnell wie m\u00f6glich!\",\"isPartOf\":{\"@id\":\"https:\/\/daoust.lademo.be\/#website\"},\"primaryImageOfPage\":{\"@id\":\"https:\/\/dajobs.lademo.be\/de\/contact\/#primaryimage\"},\"image\":{\"@id\":\"https:\/\/dajobs.lademo.be\/de\/contact\/#primaryimage\"},\"thumbnailUrl\":\"https:\/\/dajobs.lademo.be\/app\/uploads\/2026\/01\/visuel-bureau-rgb.jpg\",\"datePublished\":\"2023-12-04T08:49:51+00:00\",\"dateModified\":\"2026-01-02T13:02:22+00:00\",\"description\":\"Es gibt ein DaJobs JobCenter in Ihrer N\u00e4he. Unsere Teams stehen Ihnen zur Verf\u00fcgung, um all Ihre Fragen schnell zu beantworten!\",\"breadcrumb\":{\"@id\":\"https:\/\/dajobs.lademo.be\/de\/contact\/#breadcrumb\"},\"inLanguage\":\"de-DE\",\"potentialAction\":[{\"@type\":\"ReadAction\",\"target\":[\"https:\/\/dajobs.lademo.be\/de\/contact\/\"]}]},{\"@type\":\"ImageObject\",\"inLanguage\":\"de-DE\",\"@id\":\"https:\/\/dajobs.lademo.be\/de\/contact\/#primaryimage\",\"url\":\"https:\/\/dajobs.lademo.be\/app\/uploads\/2026\/01\/visuel-bureau-rgb.jpg\",\"contentUrl\":\"https:\/\/dajobs.lademo.be\/app\/uploads\/2026\/01\/visuel-bureau-rgb.jpg\",\"width\":2197,\"height\":2386},{\"@type\":\"BreadcrumbList\",\"@id\":\"https:\/\/dajobs.lademo.be\/de\/contact\/#breadcrumb\",\"itemListElement\":[{\"@type\":\"ListItem\",\"position\":1,\"name\":\"Home\",\"item\":\"https:\/\/dajobs.lademo.be\/de\/\"},{\"@type\":\"ListItem\",\"position\":2,\"name\":\"Contact\"}]},{\"@type\":\"WebSite\",\"@id\":\"https:\/\/daoust.lademo.be\/#website\",\"url\":\"https:\/\/daoust.lademo.be\/\",\"name\":\"Daoust\",\"description\":\"\",\"publisher\":{\"@id\":\"https:\/\/daoust.lademo.be\/#organization\"},\"potentialAction\":[{\"@type\":\"SearchAction\",\"target\":{\"@type\":\"EntryPoint\",\"urlTemplate\":\"https:\/\/daoust.lademo.be\/?s={search_term_string}\"},\"query-input\":{\"@type\":\"PropertyValueSpecification\",\"valueRequired\":true,\"valueName\":\"search_term_string\"}}],\"inLanguage\":\"de-DE\"},{\"@type\":\"Organization\",\"@id\":\"https:\/\/daoust.lademo.be\/#organization\",\"name\":\"Daoust\",\"url\":\"https:\/\/daoust.lademo.be\/\",\"logo\":{\"@type\":\"ImageObject\",\"inLanguage\":\"de-DE\",\"@id\":\"https:\/\/daoust.lademo.be\/#\/schema\/logo\/image\/\",\"url\":\"https:\/\/dajobs.lademo.be\/app\/uploads\/2024\/03\/group.svg\",\"contentUrl\":\"https:\/\/dajobs.lademo.be\/app\/uploads\/2024\/03\/group.svg\",\"width\":165,\"height\":23,\"caption\":\"Daoust\"},\"image\":{\"@id\":\"https:\/\/daoust.lademo.be\/#\/schema\/logo\/image\/\"},\"sameAs\":[\"https:\/\/www.facebook.com\/DaoustHR\",\"https:\/\/www.linkedin.com\/company\/daoust\",\"https:\/\/www.instagram.com\/daoust_hr\/\"]}]}<\/script>\n<!-- \/ Yoast SEO plugin. -->","yoast_head_json":{"title":"DaJobs - Kontaktieren Sie uns so schnell wie m\u00f6glich!","description":"Es gibt ein DaJobs JobCenter in Ihrer N\u00e4he. Unsere Teams stehen Ihnen zur Verf\u00fcgung, um all Ihre Fragen schnell zu beantworten!","robots":{"index":"noindex","follow":"follow","max-snippet":"max-snippet:-1","max-image-preview":"max-image-preview:large","max-video-preview":"max-video-preview:-1"},"og_locale":"de_DE","og_type":"article","og_title":"DaJobs - Kontaktieren Sie uns so schnell wie m\u00f6glich!","og_description":"Es gibt ein DaJobs JobCenter in Ihrer N\u00e4he. Unsere Teams stehen Ihnen zur Verf\u00fcgung, um all Ihre Fragen schnell zu beantworten!","og_url":"https:\/\/dajobs.lademo.be\/de\/contact\/","og_site_name":"DaJobs","article_publisher":"https:\/\/www.facebook.com\/DaoustHR","article_modified_time":"2026-01-02T13:02:22+00:00","og_image":[{"width":943,"height":1024,"url":"https:\/\/dajobs.lademo.be\/app\/uploads\/2026\/01\/visuel-bureau-rgb-943x1024.jpg","type":"image\/jpeg"}],"twitter_card":"summary_large_image","twitter_misc":{"Est. reading time":"2 minutes"},"schema":{"@context":"https:\/\/schema.org","@graph":[{"@type":["WebPage","ContactPage"],"@id":"https:\/\/dajobs.lademo.be\/de\/contact\/","url":"https:\/\/dajobs.lademo.be\/de\/contact\/","name":"DaJobs - Kontaktieren Sie uns so schnell wie m\u00f6glich!","isPartOf":{"@id":"https:\/\/daoust.lademo.be\/#website"},"primaryImageOfPage":{"@id":"https:\/\/dajobs.lademo.be\/de\/contact\/#primaryimage"},"image":{"@id":"https:\/\/dajobs.lademo.be\/de\/contact\/#primaryimage"},"thumbnailUrl":"https:\/\/dajobs.lademo.be\/app\/uploads\/2026\/01\/visuel-bureau-rgb.jpg","datePublished":"2023-12-04T08:49:51+00:00","dateModified":"2026-01-02T13:02:22+00:00","description":"Es gibt ein DaJobs JobCenter in Ihrer N\u00e4he. Unsere Teams stehen Ihnen zur Verf\u00fcgung, um all Ihre Fragen schnell zu beantworten!","breadcrumb":{"@id":"https:\/\/dajobs.lademo.be\/de\/contact\/#breadcrumb"},"inLanguage":"de-DE","potentialAction":[{"@type":"ReadAction","target":["https:\/\/dajobs.lademo.be\/de\/contact\/"]}]},{"@type":"ImageObject","inLanguage":"de-DE","@id":"https:\/\/dajobs.lademo.be\/de\/contact\/#primaryimage","url":"https:\/\/dajobs.lademo.be\/app\/uploads\/2026\/01\/visuel-bureau-rgb.jpg","contentUrl":"https:\/\/dajobs.lademo.be\/app\/uploads\/2026\/01\/visuel-bureau-rgb.jpg","width":2197,"height":2386},{"@type":"BreadcrumbList","@id":"https:\/\/dajobs.lademo.be\/de\/contact\/#breadcrumb","itemListElement":[{"@type":"ListItem","position":1,"name":"Home","item":"https:\/\/dajobs.lademo.be\/de\/"},{"@type":"ListItem","position":2,"name":"Contact"}]},{"@type":"WebSite","@id":"https:\/\/daoust.lademo.be\/#website","url":"https:\/\/daoust.lademo.be\/","name":"Daoust","description":"","publisher":{"@id":"https:\/\/daoust.lademo.be\/#organization"},"potentialAction":[{"@type":"SearchAction","target":{"@type":"EntryPoint","urlTemplate":"https:\/\/daoust.lademo.be\/?s={search_term_string}"},"query-input":{"@type":"PropertyValueSpecification","valueRequired":true,"valueName":"search_term_string"}}],"inLanguage":"de-DE"},{"@type":"Organization","@id":"https:\/\/daoust.lademo.be\/#organization","name":"Daoust","url":"https:\/\/daoust.lademo.be\/","logo":{"@type":"ImageObject","inLanguage":"de-DE","@id":"https:\/\/daoust.lademo.be\/#\/schema\/logo\/image\/","url":"https:\/\/dajobs.lademo.be\/app\/uploads\/2024\/03\/group.svg","contentUrl":"https:\/\/dajobs.lademo.be\/app\/uploads\/2024\/03\/group.svg","width":165,"height":23,"caption":"Daoust"},"image":{"@id":"https:\/\/daoust.lademo.be\/#\/schema\/logo\/image\/"},"sameAs":["https:\/\/www.facebook.com\/DaoustHR","https:\/\/www.linkedin.com\/company\/daoust","https:\/\/www.instagram.com\/daoust_hr\/"]}]}},"_links":{"self":[{"href":"https:\/\/dajobs.lademo.be\/de\/wp-json\/wp\/v2\/pages\/2690","targetHints":{"allow":["GET"]}}],"collection":[{"href":"https:\/\/dajobs.lademo.be\/de\/wp-json\/wp\/v2\/pages"}],"about":[{"href":"https:\/\/dajobs.lademo.be\/de\/wp-json\/wp\/v2\/types\/page"}],"author":[{"embeddable":true,"href":"https:\/\/dajobs.lademo.be\/de\/wp-json\/wp\/v2\/users\/1"}],"replies":[{"embeddable":true,"href":"https:\/\/dajobs.lademo.be\/de\/wp-json\/wp\/v2\/comments?post=2690"}],"version-history":[{"count":7,"href":"https:\/\/dajobs.lademo.be\/de\/wp-json\/wp\/v2\/pages\/2690\/revisions"}],"predecessor-version":[{"id":5250,"href":"https:\/\/dajobs.lademo.be\/de\/wp-json\/wp\/v2\/pages\/2690\/revisions\/5250"}],"wp:featuredmedia":[{"embeddable":true,"href":"https:\/\/dajobs.lademo.be\/de\/wp-json\/wp\/v2\/media\/5227"}],"wp:attachment":[{"href":"https:\/\/dajobs.lademo.be\/de\/wp-json\/wp\/v2\/media?parent=2690"}],"curies":[{"name":"wp","href":"https:\/\/api.w.org\/{rel}","templated":true}]}}