{"id":2700,"date":"2023-12-04T08:50:23","date_gmt":"2023-12-04T08:50:23","guid":{"rendered":"https:\/\/dajobs.lademo.be\/interim-recruitment\/"},"modified":"2026-01-02T13:35:28","modified_gmt":"2026-01-02T13:35:28","slug":"interim-recruitment","status":"publish","type":"page","link":"https:\/\/dajobs.lademo.be\/de\/interim-recruitment\/","title":{"rendered":"Interim &#038; recruitment"},"content":{"rendered":"","protected":false},"excerpt":{"rendered":"","protected":false},"author":1,"featured_media":5118,"parent":0,"menu_order":0,"comment_status":"closed","ping_status":"closed","template":"","meta":{"_acf_changed":false,"inline_featured_image":false,"footnotes":""},"class_list":["post-2700","page","type-page","status-publish","has-post-thumbnail","hentry"],"acf":{"header":{"":null,"image":5255,"title":"Interim & Recruitment","text":"","search":true,"search_bar":{"title":"Finde hier deinen perfekten Job!","placeholder":"","autocompletePlaceholder":"","button":""},"settings":{"visible":true,"anchor_name":""}},"sections":[{"acf_fc_layout":"text-image","left_right":false,"left_right_mobile":false,"framed":false,"text_center":false,"wysiwyg":"<h2><img class=\"alignnone wp-image-4784 \" src=\"https:\/\/dajobs.lademo.be\/app\/uploads\/2025\/11\/logorecruitment-300x92.png\" alt=\"\" width=\"179\" height=\"55\" \/><\/h2>\r\n&nbsp;\r\n<h1><strong>Suchst du einen Job?<\/strong>\r\n<strong>Los geht's!<\/strong><\/h1>\r\n&nbsp;\r\n\r\nEgal, ob du eine<strong> langfristige Stelle (unbefristet) oder eine kurzfristige (befristet oder Zeitarbeit) suchst, vertraue DaJobs, um den Job und das Unternehmen zu finden, die zu dir passen.<\/strong>\r\n\r\nDein DaJobs-Berater(in) kennt dein <strong>Profil, deine Berufserfahrung, deine St\u00e4rken\/Schw\u00e4chen und deine Erwartungen<\/strong>; und er\/sie sorgt daf\u00fcr, dass es mit unseren Kunden \u00fcbereinstimmt. F\u00fcr dich bedeutet das, den Job oder die Mission zu finden, die zu dir passt. F\u00fcr uns bedeutet das, sicherzustellen, dass ein Schwei\u00dfer nicht damit beauftragt wird, das Reinigungspersonal in einem Hotel zu sein.\r\n\r\n&nbsp;\r\n\r\nUnd weil du bei uns keine Nummer bist, beantworten unsere Berater gerne alle deine Fragen. Um das JobCenter in deiner N\u00e4he zu finden, <a href=\"https:\/\/dajobs.lademo.be\/de\/contact\/\">klicke hier<\/a>.","button":"","image_wysiwyg":true,"image":5282,"text":"","settings":{"visible":true,"anchor_name":"","spacing_top":"large","spacing_bottom":"large"}},{"acf_fc_layout":"numbers","background_image":null,"title":"","items":[{"number":"50K","text":"die pro Jahr eine Arbeit erhalten"},{"number":"50%","text":"unserer Zeitarbeiter finden eine langfristige feste Anstellung"},{"number":"+80","text":"JobCenters in Belgien"},{"number":"10th","text":"gr\u00f6\u00dfter Arbeitgeber in Br\u00fcssel"}],"settings":{"visible":true,"anchor_name":"","spacing_top":"medium","spacing_bottom":"medium"}},{"acf_fc_layout":"title-card-repeater","title":"Entdecke unsere bevorzugten Branchen:\u00a0","items":[{"image":5261,"title":"Industrie & Technik","link":{"title":"","url":"https:\/\/app.dajobs.be\/job-offers\/search?job_category_id[0]=18&job_category_id[1]=20&sector_id=18","target":"_blank"}},{"image":5219,"title":"Horeca & Catering","link":{"title":"","url":"https:\/\/app.dajobs.be\/job-offers\/search?job_category_id[0]=12&sector_id=12","target":"_blank"}},{"image":860,"title":"Cleaning","link":{"title":"","url":"https:\/\/app.dajobs.be\/job-offers\/search?job_category_id[0]=10&sector_id=10","target":"_blank"}},{"image":876,"title":"Retail","link":{"title":"","url":"https:\/\/app.dajobs.be\/job-offers\/search?job_category_id[0]=8&sector_id=8","target":""}},{"image":5227,"title":"Office","link":{"title":"","url":"https:\/\/app.dajobs.be\/job-offers\/search?job_category_id[0]=1&sector_id=1","target":"_blank"}},{"image":5269,"title":"Logistik","link":{"title":"","url":"https:\/\/app.dajobs.be\/job-offers\/search?job_category_id[0]=13&sector_id=13","target":"_blank"}},{"image":5107,"title":"Home Services","link":{"title":"","url":"https:\/\/app.dajobs.be\/job-offers\/search?job_category_id[0]=10&sector_id=10","target":"_blank"}},{"image":1009,"title":"Studenten","link":{"title":"","url":"https:\/\/app.dajobs.be\/job-offers\/search?contract_type_id[0]=6","target":""}}],"settings":{"visible":true,"anchor_name":"","heading_tag":"h2","spacing_top":"large","spacing_bottom":"medium"}},{"acf_fc_layout":"text-image","left_right":true,"left_right_mobile":false,"framed":true,"text_center":false,"wysiwyg":"<h2><strong>Zeitarbeitsvertrag: volles Erlebnis, volle Flexibilit\u00e4t<\/strong><\/h2>\r\n&nbsp;\r\n\r\nMit DaJobs zu arbeiten bedeutet, die M\u00f6glichkeit zu haben, maximal viel Erfahrung in den von dir gew\u00e4hlten Branchen zu sammeln und, um ehrlich zu sein, ein berufliches Netzwerk aufzubauen.\r\n\r\n&nbsp;\r\n\r\nTempor\u00e4re Jobs k\u00f6nnen unterschiedliche Laufzeiten haben: einen Tag, eine Woche, einen Monat oder sogar mehrere. Das Einzige, was wir nicht bieten, ist ein Vertrag f\u00fcr das n\u00e4chste Jahrhundert.\r\n\r\n&nbsp;\r\n\r\nDaJobs wird dein offizieller Arbeitgeber sein. Wir werden dir dein Gehalt am Ende jeder Woche nach Erhalt deiner Leistungsbl\u00e4tter auszahlen.\r\n\r\n&nbsp;\r\n\r\nDenke daran, dass der Status als Zeitarbeiter nichts an deinen gesetzlichen Arbeitnehmerrechten \u00e4ndert. Du hast genau die gleichen Rechte wie ein fester Mitarbeiter im Kundenunternehmen (Krankheit, Arbeitsunfall, Arbeitslosenunterst\u00fctzung, Familienleistungen, Urlaubsgeld usw.).\r\n\r\n&nbsp;\r\n\r\nUnd da die Zukunft jetzt ist, wirst du deine Vertr\u00e4ge elektronisch erhalten #greenattitude. F\u00fcr die Bedienungsanleitung <a href=\"https:\/\/www.interimsign.be\/fr\/adminbox\/\" target=\"_blank\" rel=\"noopener\">klicke hier<\/a>.","button":{"title":"Contact","url":"https:\/\/dajobs.lademo.be\/de\/contact\/","target":""},"image_wysiwyg":true,"image":5277,"text":"","settings":{"visible":true,"anchor_name":"","spacing_top":"large","spacing_bottom":"large"}},{"acf_fc_layout":"text-image","left_right":false,"left_right_mobile":false,"framed":true,"text_center":false,"wysiwyg":"<h2><strong>Fester Vertrag<\/strong><\/h2>\r\n&nbsp;\r\n\r\nWenn du dank DaJobs einen unbefristeten oder befristeten Vertrag (direkt oder nach einer Zeitarbeit) erh\u00e4ltst, wirst du einen Arbeitsvertrag mit dem Kundenunternehmen und nicht mit DaJobs abschlie\u00dfen. Aber das bedeutet nicht, dass wir uns f\u00fcr immer verabschieden. Wir werden weiterhin f\u00fcr dich da sein, um dir bei der Verhandlung deines Vertrags zu helfen oder um alle Aspekte davon zu verstehen.\r\n\r\n&nbsp;\r\n\r\nWelcome to the Family\u202f!","button":{"title":"Contact","url":"https:\/\/dajobs.lademo.be\/de\/contact\/","target":""},"image_wysiwyg":true,"image":844,"text":"","settings":{"visible":true,"anchor_name":"","spacing_top":"medium","spacing_bottom":"medium"}},{"acf_fc_layout":"text-image","left_right":true,"left_right_mobile":false,"framed":true,"text_center":false,"wysiwyg":"<img class=\"alignnone wp-image-4594 \" src=\"https:\/\/dajobs.lademo.be\/app\/uploads\/2025\/11\/dajob-logo.svg\" alt=\"\" width=\"179\" height=\"55\" \/>\r\n\r\nUnd wenn wir dir das Leben erleichtern w\u00fcrden? Wir sind stolz darauf, dir DaJobs vorzustellen, unsere Plattform f\u00fcr Besch\u00e4ftigung.\r\n\r\nDaJobs ist eine benutzerfreundliche Plattform, die du \u00fcberall und jederzeit auf deinem Smartphone, Tablet und Computer verwenden kannst. Es erm\u00f6glicht dir:\r\n<ul>\r\n \t<li>Jobs mithilfe k\u00fcnstlicher Intelligenz zu suchen<\/li>\r\n \t<li>Deine Verf\u00fcgbarkeiten einzugeben, um Auftr\u00e4ge zu finden, WANN es dir passt<\/li>\r\n \t<li>Eine Benachrichtigung zu erhalten, wenn ein neuer Vertrag beginnt<\/li>\r\n \t<li>Deinen Zeitplan mit den Kontaktdaten der Kunden, deren Adressen und der Route einzusehen.<\/li>\r\n \t<li>Dein Jobcenter \u00fcber das Kontaktformular zu kontaktieren<\/li>\r\n<\/ul>","button":{"title":"Entdecke DaJobs","url":"https:\/\/app.dajobs.be\/","target":"_blank"},"image_wysiwyg":true,"image":5090,"text":"","settings":{"visible":true,"anchor_name":"","spacing_top":"medium","spacing_bottom":"medium"}}],"cta":{"":null,"background_image":2814,"title":"","items":[{"has_icon":true,"title":"We Love Solutions!","text":"","icon_group":{"icon_type":"light","icon":"face-smile"},"image":null,"button":{"title":"Entdecken Sie unsere Werte","url":"https:\/\/dajobs.lademo.be\/de\/werte\/","target":""}},{"has_icon":true,"title":"Sind Sie Arbeitgeber?","text":"","icon_group":{"icon_type":"light","icon":"headset"},"image":null,"button":{"title":"Entdecken Sie DaConnect","url":"https:\/\/daconnect.be\/de\/","target":"_blank"}},{"has_icon":true,"title":"M\u00fcssen Sie uns kontaktieren?","text":"","icon_group":{"icon_type":"light","icon":"thumbs-up"},"image":null,"button":{"title":"Contact","url":"https:\/\/dajobs.lademo.be\/de\/contact\/","target":""}}],"settings":{"visible":true,"anchor_name":"","heading_tag":"h2"}},"settings":{"has_offset":false}},"yoast_head":"<!-- This site is optimized with the Yoast SEO plugin v26.9 - https:\/\/yoast.com\/product\/yoast-seo-wordpress\/ -->\n<title>Vertrauen Sie DaJobs um den Job zu finden, der zu Ihnen passt<\/title>\n<meta name=\"description\" content=\"Dank seiner Expertise ist DaJobs Spezialist f\u00fcr die Rekrutierung sowohl von Zeitarbeitskr\u00e4ften als auch von Festanstellungen. Kommen Sie vorbei und sagen Sie Hallo!\" \/>\n<meta name=\"robots\" content=\"noindex, follow, max-snippet:-1, max-image-preview:large, max-video-preview:-1\" \/>\n<meta property=\"og:locale\" content=\"de_DE\" \/>\n<meta property=\"og:type\" content=\"article\" \/>\n<meta property=\"og:title\" content=\"Vertrauen Sie DaJobs um den Job zu finden, der zu Ihnen passt\" \/>\n<meta property=\"og:description\" content=\"Dank seiner Expertise ist DaJobs Spezialist f\u00fcr die Rekrutierung sowohl von Zeitarbeitskr\u00e4ften als auch von Festanstellungen. Kommen Sie vorbei und sagen Sie Hallo!\" \/>\n<meta property=\"og:url\" content=\"https:\/\/dajobs.lademo.be\/de\/interim-recruitment\/\" \/>\n<meta property=\"og:site_name\" content=\"DaJobs\" \/>\n<meta property=\"article:publisher\" content=\"https:\/\/www.facebook.com\/DaoustHR\" \/>\n<meta property=\"article:modified_time\" content=\"2026-01-02T13:35:28+00:00\" \/>\n<meta property=\"og:image\" content=\"https:\/\/dajobs.lademo.be\/app\/uploads\/2026\/01\/visuel-beton-rgb-998x1024.jpg\" \/>\n\t<meta property=\"og:image:width\" content=\"998\" \/>\n\t<meta property=\"og:image:height\" content=\"1024\" \/>\n\t<meta property=\"og:image:type\" content=\"image\/jpeg\" \/>\n<meta name=\"twitter:card\" content=\"summary_large_image\" \/>\n<meta name=\"twitter:label1\" content=\"Est. reading time\" \/>\n\t<meta name=\"twitter:data1\" content=\"6 minutes\" \/>\n<script type=\"application\/ld+json\" class=\"yoast-schema-graph\">{\"@context\":\"https:\/\/schema.org\",\"@graph\":[{\"@type\":\"WebPage\",\"@id\":\"https:\/\/dajobs.lademo.be\/de\/interim-recruitment\/\",\"url\":\"https:\/\/dajobs.lademo.be\/de\/interim-recruitment\/\",\"name\":\"Vertrauen Sie DaJobs um den Job zu finden, der zu Ihnen passt\",\"isPartOf\":{\"@id\":\"https:\/\/daoust.lademo.be\/#website\"},\"primaryImageOfPage\":{\"@id\":\"https:\/\/dajobs.lademo.be\/de\/interim-recruitment\/#primaryimage\"},\"image\":{\"@id\":\"https:\/\/dajobs.lademo.be\/de\/interim-recruitment\/#primaryimage\"},\"thumbnailUrl\":\"https:\/\/dajobs.lademo.be\/app\/uploads\/2026\/01\/visuel-beton-rgb.jpg\",\"datePublished\":\"2023-12-04T08:50:23+00:00\",\"dateModified\":\"2026-01-02T13:35:28+00:00\",\"description\":\"Dank seiner Expertise ist DaJobs Spezialist f\u00fcr die Rekrutierung sowohl von Zeitarbeitskr\u00e4ften als auch von Festanstellungen. Kommen Sie vorbei und sagen Sie Hallo!\",\"breadcrumb\":{\"@id\":\"https:\/\/dajobs.lademo.be\/de\/interim-recruitment\/#breadcrumb\"},\"inLanguage\":\"de-DE\",\"potentialAction\":[{\"@type\":\"ReadAction\",\"target\":[\"https:\/\/dajobs.lademo.be\/de\/interim-recruitment\/\"]}]},{\"@type\":\"ImageObject\",\"inLanguage\":\"de-DE\",\"@id\":\"https:\/\/dajobs.lademo.be\/de\/interim-recruitment\/#primaryimage\",\"url\":\"https:\/\/dajobs.lademo.be\/app\/uploads\/2026\/01\/visuel-beton-rgb.jpg\",\"contentUrl\":\"https:\/\/dajobs.lademo.be\/app\/uploads\/2026\/01\/visuel-beton-rgb.jpg\",\"width\":1680,\"height\":1723},{\"@type\":\"BreadcrumbList\",\"@id\":\"https:\/\/dajobs.lademo.be\/de\/interim-recruitment\/#breadcrumb\",\"itemListElement\":[{\"@type\":\"ListItem\",\"position\":1,\"name\":\"Home\",\"item\":\"https:\/\/dajobs.lademo.be\/de\/\"},{\"@type\":\"ListItem\",\"position\":2,\"name\":\"Interim &#038; recruitment\"}]},{\"@type\":\"WebSite\",\"@id\":\"https:\/\/daoust.lademo.be\/#website\",\"url\":\"https:\/\/daoust.lademo.be\/\",\"name\":\"Daoust\",\"description\":\"\",\"publisher\":{\"@id\":\"https:\/\/daoust.lademo.be\/#organization\"},\"potentialAction\":[{\"@type\":\"SearchAction\",\"target\":{\"@type\":\"EntryPoint\",\"urlTemplate\":\"https:\/\/daoust.lademo.be\/?s={search_term_string}\"},\"query-input\":{\"@type\":\"PropertyValueSpecification\",\"valueRequired\":true,\"valueName\":\"search_term_string\"}}],\"inLanguage\":\"de-DE\"},{\"@type\":\"Organization\",\"@id\":\"https:\/\/daoust.lademo.be\/#organization\",\"name\":\"Daoust\",\"url\":\"https:\/\/daoust.lademo.be\/\",\"logo\":{\"@type\":\"ImageObject\",\"inLanguage\":\"de-DE\",\"@id\":\"https:\/\/daoust.lademo.be\/#\/schema\/logo\/image\/\",\"url\":\"https:\/\/dajobs.lademo.be\/app\/uploads\/2024\/03\/group.svg\",\"contentUrl\":\"https:\/\/dajobs.lademo.be\/app\/uploads\/2024\/03\/group.svg\",\"width\":165,\"height\":23,\"caption\":\"Daoust\"},\"image\":{\"@id\":\"https:\/\/daoust.lademo.be\/#\/schema\/logo\/image\/\"},\"sameAs\":[\"https:\/\/www.facebook.com\/DaoustHR\",\"https:\/\/www.linkedin.com\/company\/daoust\",\"https:\/\/www.instagram.com\/daoust_hr\/\"]}]}<\/script>\n<!-- \/ Yoast SEO plugin. -->","yoast_head_json":{"title":"Vertrauen Sie DaJobs um den Job zu finden, der zu Ihnen passt","description":"Dank seiner Expertise ist DaJobs Spezialist f\u00fcr die Rekrutierung sowohl von Zeitarbeitskr\u00e4ften als auch von Festanstellungen. Kommen Sie vorbei und sagen Sie Hallo!","robots":{"index":"noindex","follow":"follow","max-snippet":"max-snippet:-1","max-image-preview":"max-image-preview:large","max-video-preview":"max-video-preview:-1"},"og_locale":"de_DE","og_type":"article","og_title":"Vertrauen Sie DaJobs um den Job zu finden, der zu Ihnen passt","og_description":"Dank seiner Expertise ist DaJobs Spezialist f\u00fcr die Rekrutierung sowohl von Zeitarbeitskr\u00e4ften als auch von Festanstellungen. Kommen Sie vorbei und sagen Sie Hallo!","og_url":"https:\/\/dajobs.lademo.be\/de\/interim-recruitment\/","og_site_name":"DaJobs","article_publisher":"https:\/\/www.facebook.com\/DaoustHR","article_modified_time":"2026-01-02T13:35:28+00:00","og_image":[{"width":998,"height":1024,"url":"https:\/\/dajobs.lademo.be\/app\/uploads\/2026\/01\/visuel-beton-rgb-998x1024.jpg","type":"image\/jpeg"}],"twitter_card":"summary_large_image","twitter_misc":{"Est. reading time":"6 minutes"},"schema":{"@context":"https:\/\/schema.org","@graph":[{"@type":"WebPage","@id":"https:\/\/dajobs.lademo.be\/de\/interim-recruitment\/","url":"https:\/\/dajobs.lademo.be\/de\/interim-recruitment\/","name":"Vertrauen Sie DaJobs um den Job zu finden, der zu Ihnen passt","isPartOf":{"@id":"https:\/\/daoust.lademo.be\/#website"},"primaryImageOfPage":{"@id":"https:\/\/dajobs.lademo.be\/de\/interim-recruitment\/#primaryimage"},"image":{"@id":"https:\/\/dajobs.lademo.be\/de\/interim-recruitment\/#primaryimage"},"thumbnailUrl":"https:\/\/dajobs.lademo.be\/app\/uploads\/2026\/01\/visuel-beton-rgb.jpg","datePublished":"2023-12-04T08:50:23+00:00","dateModified":"2026-01-02T13:35:28+00:00","description":"Dank seiner Expertise ist DaJobs Spezialist f\u00fcr die Rekrutierung sowohl von Zeitarbeitskr\u00e4ften als auch von Festanstellungen. Kommen Sie vorbei und sagen Sie Hallo!","breadcrumb":{"@id":"https:\/\/dajobs.lademo.be\/de\/interim-recruitment\/#breadcrumb"},"inLanguage":"de-DE","potentialAction":[{"@type":"ReadAction","target":["https:\/\/dajobs.lademo.be\/de\/interim-recruitment\/"]}]},{"@type":"ImageObject","inLanguage":"de-DE","@id":"https:\/\/dajobs.lademo.be\/de\/interim-recruitment\/#primaryimage","url":"https:\/\/dajobs.lademo.be\/app\/uploads\/2026\/01\/visuel-beton-rgb.jpg","contentUrl":"https:\/\/dajobs.lademo.be\/app\/uploads\/2026\/01\/visuel-beton-rgb.jpg","width":1680,"height":1723},{"@type":"BreadcrumbList","@id":"https:\/\/dajobs.lademo.be\/de\/interim-recruitment\/#breadcrumb","itemListElement":[{"@type":"ListItem","position":1,"name":"Home","item":"https:\/\/dajobs.lademo.be\/de\/"},{"@type":"ListItem","position":2,"name":"Interim &#038; recruitment"}]},{"@type":"WebSite","@id":"https:\/\/daoust.lademo.be\/#website","url":"https:\/\/daoust.lademo.be\/","name":"Daoust","description":"","publisher":{"@id":"https:\/\/daoust.lademo.be\/#organization"},"potentialAction":[{"@type":"SearchAction","target":{"@type":"EntryPoint","urlTemplate":"https:\/\/daoust.lademo.be\/?s={search_term_string}"},"query-input":{"@type":"PropertyValueSpecification","valueRequired":true,"valueName":"search_term_string"}}],"inLanguage":"de-DE"},{"@type":"Organization","@id":"https:\/\/daoust.lademo.be\/#organization","name":"Daoust","url":"https:\/\/daoust.lademo.be\/","logo":{"@type":"ImageObject","inLanguage":"de-DE","@id":"https:\/\/daoust.lademo.be\/#\/schema\/logo\/image\/","url":"https:\/\/dajobs.lademo.be\/app\/uploads\/2024\/03\/group.svg","contentUrl":"https:\/\/dajobs.lademo.be\/app\/uploads\/2024\/03\/group.svg","width":165,"height":23,"caption":"Daoust"},"image":{"@id":"https:\/\/daoust.lademo.be\/#\/schema\/logo\/image\/"},"sameAs":["https:\/\/www.facebook.com\/DaoustHR","https:\/\/www.linkedin.com\/company\/daoust","https:\/\/www.instagram.com\/daoust_hr\/"]}]}},"_links":{"self":[{"href":"https:\/\/dajobs.lademo.be\/de\/wp-json\/wp\/v2\/pages\/2700","targetHints":{"allow":["GET"]}}],"collection":[{"href":"https:\/\/dajobs.lademo.be\/de\/wp-json\/wp\/v2\/pages"}],"about":[{"href":"https:\/\/dajobs.lademo.be\/de\/wp-json\/wp\/v2\/types\/page"}],"author":[{"embeddable":true,"href":"https:\/\/dajobs.lademo.be\/de\/wp-json\/wp\/v2\/users\/1"}],"replies":[{"embeddable":true,"href":"https:\/\/dajobs.lademo.be\/de\/wp-json\/wp\/v2\/comments?post=2700"}],"version-history":[{"count":10,"href":"https:\/\/dajobs.lademo.be\/de\/wp-json\/wp\/v2\/pages\/2700\/revisions"}],"predecessor-version":[{"id":5299,"href":"https:\/\/dajobs.lademo.be\/de\/wp-json\/wp\/v2\/pages\/2700\/revisions\/5299"}],"wp:featuredmedia":[{"embeddable":true,"href":"https:\/\/dajobs.lademo.be\/de\/wp-json\/wp\/v2\/media\/5118"}],"wp:attachment":[{"href":"https:\/\/dajobs.lademo.be\/de\/wp-json\/wp\/v2\/media?parent=2700"}],"curies":[{"name":"wp","href":"https:\/\/api.w.org\/{rel}","templated":true}]}}