{"id":2706,"date":"2023-12-04T08:50:06","date_gmt":"2023-12-04T08:50:06","guid":{"rendered":"https:\/\/dajobs.lademo.be\/home-services\/"},"modified":"2026-01-05T13:10:04","modified_gmt":"2026-01-05T13:10:04","slug":"dahome","status":"publish","type":"page","link":"https:\/\/dajobs.lademo.be\/de\/dahome\/","title":{"rendered":"DaHome"},"content":{"rendered":"","protected":false},"excerpt":{"rendered":"","protected":false},"author":1,"featured_media":5107,"parent":0,"menu_order":0,"comment_status":"closed","ping_status":"closed","template":"","meta":{"_acf_changed":false,"inline_featured_image":false,"footnotes":""},"class_list":["post-2706","page","type-page","status-publish","has-post-thumbnail","hentry"],"acf":{"header":{"":null,"image":2810,"title":"","text":"DaHome, der bevorzugte Vermittler zwischen Kunden und Haushaltshilfen","search":false,"search_bar":{"title":"","placeholder":"","autocompletePlaceholder":"","button":""},"settings":{"visible":true,"anchor_name":""}},"sections":[{"acf_fc_layout":"two-ctas-illustration","background_image":null,"items":[{"title":"Ich m\u00f6chte Haushaltshilfe werden","text":"DaHome besch\u00e4ftigt jeden Tag 3.500 Haushaltshilfen","button":{"title":"Ich f\u00fclle das Formular aus","url":"https:\/\/app.dahome.be\/register-form","target":"_blank"},"image":1340},{"title":"Ich suche eine Haushaltshilfe","text":"Unsere Haushaltshilfen helfen t\u00e4glich 25.000 Kunden. Und warum nicht auch Ihnen?","button":{"title":"Ich f\u00fclle das Formular aus","url":"https:\/\/app.dahome.be\/register-form?type=client","target":"_blank"},"image":1033}],"settings":{"visible":true,"anchor_name":"","spacing_top":"medium","spacing_bottom":"medium"}},{"acf_fc_layout":"text-image","left_right":true,"left_right_mobile":false,"framed":true,"text_center":false,"wysiwyg":"<img class=\"alignnone wp-image-4590 \" src=\"https:\/\/dajobs.lademo.be\/app\/uploads\/2025\/11\/dahome-logo.svg\" alt=\"\" width=\"179\" height=\"49\" \/>\r\n\r\nUm Ihnen das Leben noch einfacher zu machen, bieten wir Ihnen auch die <a href=\"https:\/\/app.dahome.be\/login\">DaHome<\/a><u>-<\/u>Plattform an, die es Ihnen erm\u00f6glicht:\r\n\r\n<strong>Als Haushaltshilfe:<\/strong>\r\n<ul>\r\n \t<li>Ihre Arbeitsnachweise zu best\u00e4tigen<\/li>\r\n \t<li>Ihren Zeitplan zu \u00fcberpr\u00fcfen<\/li>\r\n \t<li>Ihre Abwesenheiten Ihren Kunden und Ihrem Jobcenter mit nur wenigen Klicks mitzuteilen<\/li>\r\n \t<li>Ihr Jobcenter schnell zu kontaktieren<\/li>\r\n<\/ul>\r\n<strong>Als Kunde:<\/strong>\r\n<ul>\r\n \t<li>eine Benachrichtigung zu erhalten, wenn Ihre Haushaltshilfe kurzfristig verhindert ist<\/li>\r\n \t<li>Ihre Urlaubstage mit nur wenigen Klicks einzutragen<\/li>\r\n \t<li>Ihr Jobcenter leicht zu kontaktieren.<\/li>\r\n<\/ul>\r\nSchnell, einfach und praktisch, die Bedienung erfolgt in 2 Klicks. DaHome, Ihr Partner f\u00fcr eine saubere Kommunikation!","button":{"title":"Mehr Informationen","url":"https:\/\/dahome.be\/de\/","target":"_blank"},"image_wysiwyg":true,"image":5136,"text":"","settings":{"visible":true,"anchor_name":"","spacing_top":"large","spacing_bottom":"large"}}],"cta":{"":null,"background_image":1173,"title":"","items":[{"has_icon":true,"title":"Sind Sie bereits Haushaltshilfe oder DaHome-Kunde?","text":"","icon_group":{"icon_type":"light","icon":"face-smile"},"image":null,"button":{"title":"Zu DaHome","url":"https:\/\/app.dahome.be\/login","target":"_blank"}},{"has_icon":true,"title":"M\u00fcssen Sie uns kontaktieren?","text":"","icon_group":{"icon_type":"light","icon":"headset"},"image":null,"button":{"title":"Contact","url":"https:\/\/dajobs.lademo.be\/de\/contact\/","target":""}},{"has_icon":true,"title":"Finde hier deinen idealen Job!","text":"","icon_group":{"icon_type":"light","icon":"thumbs-up"},"image":null,"button":{"title":"Zu Dajobs","url":"https:\/\/app.dajobs.be\/job-offers\/search?job_category_id%5B0%5D=10&sector_id=10","target":"_blank"}}],"settings":{"visible":true,"anchor_name":"","heading_tag":"h2"}},"settings":{"has_offset":false}},"yoast_head":"<!-- This site is optimized with the Yoast SEO plugin v26.9 - https:\/\/yoast.com\/product\/yoast-seo-wordpress\/ -->\n<title>Haushaltshilfe oder Kunde, DaHome ist f\u00fcr Sie da<\/title>\n<meta name=\"description\" content=\"Vertrauen Sie DaHome f\u00fcr die Reinigung Ihres Hauses \u2013 Sie profitieren von personalisierten und hochwertigen L\u00f6sungen, die auf Ihre Bed\u00fcrfnisse zugeschnitten sind.\" \/>\n<meta name=\"robots\" content=\"noindex, follow, max-snippet:-1, max-image-preview:large, max-video-preview:-1\" \/>\n<meta property=\"og:locale\" content=\"de_DE\" \/>\n<meta property=\"og:type\" content=\"article\" \/>\n<meta property=\"og:title\" content=\"Haushaltshilfe oder Kunde, DaHome ist f\u00fcr Sie da\" \/>\n<meta property=\"og:description\" content=\"Vertrauen Sie DaHome f\u00fcr die Reinigung Ihres Hauses \u2013 Sie profitieren von personalisierten und hochwertigen L\u00f6sungen, die auf Ihre Bed\u00fcrfnisse zugeschnitten sind.\" \/>\n<meta property=\"og:url\" content=\"https:\/\/dajobs.lademo.be\/de\/dahome\/\" \/>\n<meta property=\"og:site_name\" content=\"DaJobs\" \/>\n<meta property=\"article:publisher\" content=\"https:\/\/www.facebook.com\/DaoustHR\" \/>\n<meta property=\"article:modified_time\" content=\"2026-01-05T13:10:04+00:00\" \/>\n<meta property=\"og:image\" content=\"https:\/\/dajobs.lademo.be\/app\/uploads\/2026\/01\/visuel-nettoyage-rgb-863x1024.jpg\" \/>\n\t<meta property=\"og:image:width\" content=\"863\" \/>\n\t<meta property=\"og:image:height\" content=\"1024\" \/>\n\t<meta property=\"og:image:type\" content=\"image\/jpeg\" \/>\n<meta name=\"twitter:card\" content=\"summary_large_image\" \/>\n<meta name=\"twitter:label1\" content=\"Est. reading time\" \/>\n\t<meta name=\"twitter:data1\" content=\"2 minutes\" \/>\n<script type=\"application\/ld+json\" class=\"yoast-schema-graph\">{\"@context\":\"https:\/\/schema.org\",\"@graph\":[{\"@type\":[\"WebPage\",\"ItemPage\"],\"@id\":\"https:\/\/dajobs.lademo.be\/de\/dahome\/\",\"url\":\"https:\/\/dajobs.lademo.be\/de\/dahome\/\",\"name\":\"Haushaltshilfe oder Kunde, DaHome ist f\u00fcr Sie da\",\"isPartOf\":{\"@id\":\"https:\/\/daoust.lademo.be\/#website\"},\"primaryImageOfPage\":{\"@id\":\"https:\/\/dajobs.lademo.be\/de\/dahome\/#primaryimage\"},\"image\":{\"@id\":\"https:\/\/dajobs.lademo.be\/de\/dahome\/#primaryimage\"},\"thumbnailUrl\":\"https:\/\/dajobs.lademo.be\/app\/uploads\/2026\/01\/visuel-nettoyage-rgb.jpg\",\"datePublished\":\"2023-12-04T08:50:06+00:00\",\"dateModified\":\"2026-01-05T13:10:04+00:00\",\"description\":\"Vertrauen Sie DaHome f\u00fcr die Reinigung Ihres Hauses \u2013 Sie profitieren von personalisierten und hochwertigen L\u00f6sungen, die auf Ihre Bed\u00fcrfnisse zugeschnitten sind.\",\"breadcrumb\":{\"@id\":\"https:\/\/dajobs.lademo.be\/de\/dahome\/#breadcrumb\"},\"inLanguage\":\"de-DE\",\"potentialAction\":[{\"@type\":\"ReadAction\",\"target\":[\"https:\/\/dajobs.lademo.be\/de\/dahome\/\"]}]},{\"@type\":\"ImageObject\",\"inLanguage\":\"de-DE\",\"@id\":\"https:\/\/dajobs.lademo.be\/de\/dahome\/#primaryimage\",\"url\":\"https:\/\/dajobs.lademo.be\/app\/uploads\/2026\/01\/visuel-nettoyage-rgb.jpg\",\"contentUrl\":\"https:\/\/dajobs.lademo.be\/app\/uploads\/2026\/01\/visuel-nettoyage-rgb.jpg\",\"width\":1826,\"height\":2166},{\"@type\":\"BreadcrumbList\",\"@id\":\"https:\/\/dajobs.lademo.be\/de\/dahome\/#breadcrumb\",\"itemListElement\":[{\"@type\":\"ListItem\",\"position\":1,\"name\":\"Home\",\"item\":\"https:\/\/dajobs.lademo.be\/de\/\"},{\"@type\":\"ListItem\",\"position\":2,\"name\":\"DaHome\"}]},{\"@type\":\"WebSite\",\"@id\":\"https:\/\/daoust.lademo.be\/#website\",\"url\":\"https:\/\/daoust.lademo.be\/\",\"name\":\"Daoust\",\"description\":\"\",\"publisher\":{\"@id\":\"https:\/\/daoust.lademo.be\/#organization\"},\"potentialAction\":[{\"@type\":\"SearchAction\",\"target\":{\"@type\":\"EntryPoint\",\"urlTemplate\":\"https:\/\/daoust.lademo.be\/?s={search_term_string}\"},\"query-input\":{\"@type\":\"PropertyValueSpecification\",\"valueRequired\":true,\"valueName\":\"search_term_string\"}}],\"inLanguage\":\"de-DE\"},{\"@type\":\"Organization\",\"@id\":\"https:\/\/daoust.lademo.be\/#organization\",\"name\":\"Daoust\",\"url\":\"https:\/\/daoust.lademo.be\/\",\"logo\":{\"@type\":\"ImageObject\",\"inLanguage\":\"de-DE\",\"@id\":\"https:\/\/daoust.lademo.be\/#\/schema\/logo\/image\/\",\"url\":\"https:\/\/dajobs.lademo.be\/app\/uploads\/2024\/03\/group.svg\",\"contentUrl\":\"https:\/\/dajobs.lademo.be\/app\/uploads\/2024\/03\/group.svg\",\"width\":165,\"height\":23,\"caption\":\"Daoust\"},\"image\":{\"@id\":\"https:\/\/daoust.lademo.be\/#\/schema\/logo\/image\/\"},\"sameAs\":[\"https:\/\/www.facebook.com\/DaoustHR\",\"https:\/\/www.linkedin.com\/company\/daoust\",\"https:\/\/www.instagram.com\/daoust_hr\/\"]}]}<\/script>\n<!-- \/ Yoast SEO plugin. -->","yoast_head_json":{"title":"Haushaltshilfe oder Kunde, DaHome ist f\u00fcr Sie da","description":"Vertrauen Sie DaHome f\u00fcr die Reinigung Ihres Hauses \u2013 Sie profitieren von personalisierten und hochwertigen L\u00f6sungen, die auf Ihre Bed\u00fcrfnisse zugeschnitten sind.","robots":{"index":"noindex","follow":"follow","max-snippet":"max-snippet:-1","max-image-preview":"max-image-preview:large","max-video-preview":"max-video-preview:-1"},"og_locale":"de_DE","og_type":"article","og_title":"Haushaltshilfe oder Kunde, DaHome ist f\u00fcr Sie da","og_description":"Vertrauen Sie DaHome f\u00fcr die Reinigung Ihres Hauses \u2013 Sie profitieren von personalisierten und hochwertigen L\u00f6sungen, die auf Ihre Bed\u00fcrfnisse zugeschnitten sind.","og_url":"https:\/\/dajobs.lademo.be\/de\/dahome\/","og_site_name":"DaJobs","article_publisher":"https:\/\/www.facebook.com\/DaoustHR","article_modified_time":"2026-01-05T13:10:04+00:00","og_image":[{"width":863,"height":1024,"url":"https:\/\/dajobs.lademo.be\/app\/uploads\/2026\/01\/visuel-nettoyage-rgb-863x1024.jpg","type":"image\/jpeg"}],"twitter_card":"summary_large_image","twitter_misc":{"Est. reading time":"2 minutes"},"schema":{"@context":"https:\/\/schema.org","@graph":[{"@type":["WebPage","ItemPage"],"@id":"https:\/\/dajobs.lademo.be\/de\/dahome\/","url":"https:\/\/dajobs.lademo.be\/de\/dahome\/","name":"Haushaltshilfe oder Kunde, DaHome ist f\u00fcr Sie da","isPartOf":{"@id":"https:\/\/daoust.lademo.be\/#website"},"primaryImageOfPage":{"@id":"https:\/\/dajobs.lademo.be\/de\/dahome\/#primaryimage"},"image":{"@id":"https:\/\/dajobs.lademo.be\/de\/dahome\/#primaryimage"},"thumbnailUrl":"https:\/\/dajobs.lademo.be\/app\/uploads\/2026\/01\/visuel-nettoyage-rgb.jpg","datePublished":"2023-12-04T08:50:06+00:00","dateModified":"2026-01-05T13:10:04+00:00","description":"Vertrauen Sie DaHome f\u00fcr die Reinigung Ihres Hauses \u2013 Sie profitieren von personalisierten und hochwertigen L\u00f6sungen, die auf Ihre Bed\u00fcrfnisse zugeschnitten sind.","breadcrumb":{"@id":"https:\/\/dajobs.lademo.be\/de\/dahome\/#breadcrumb"},"inLanguage":"de-DE","potentialAction":[{"@type":"ReadAction","target":["https:\/\/dajobs.lademo.be\/de\/dahome\/"]}]},{"@type":"ImageObject","inLanguage":"de-DE","@id":"https:\/\/dajobs.lademo.be\/de\/dahome\/#primaryimage","url":"https:\/\/dajobs.lademo.be\/app\/uploads\/2026\/01\/visuel-nettoyage-rgb.jpg","contentUrl":"https:\/\/dajobs.lademo.be\/app\/uploads\/2026\/01\/visuel-nettoyage-rgb.jpg","width":1826,"height":2166},{"@type":"BreadcrumbList","@id":"https:\/\/dajobs.lademo.be\/de\/dahome\/#breadcrumb","itemListElement":[{"@type":"ListItem","position":1,"name":"Home","item":"https:\/\/dajobs.lademo.be\/de\/"},{"@type":"ListItem","position":2,"name":"DaHome"}]},{"@type":"WebSite","@id":"https:\/\/daoust.lademo.be\/#website","url":"https:\/\/daoust.lademo.be\/","name":"Daoust","description":"","publisher":{"@id":"https:\/\/daoust.lademo.be\/#organization"},"potentialAction":[{"@type":"SearchAction","target":{"@type":"EntryPoint","urlTemplate":"https:\/\/daoust.lademo.be\/?s={search_term_string}"},"query-input":{"@type":"PropertyValueSpecification","valueRequired":true,"valueName":"search_term_string"}}],"inLanguage":"de-DE"},{"@type":"Organization","@id":"https:\/\/daoust.lademo.be\/#organization","name":"Daoust","url":"https:\/\/daoust.lademo.be\/","logo":{"@type":"ImageObject","inLanguage":"de-DE","@id":"https:\/\/daoust.lademo.be\/#\/schema\/logo\/image\/","url":"https:\/\/dajobs.lademo.be\/app\/uploads\/2024\/03\/group.svg","contentUrl":"https:\/\/dajobs.lademo.be\/app\/uploads\/2024\/03\/group.svg","width":165,"height":23,"caption":"Daoust"},"image":{"@id":"https:\/\/daoust.lademo.be\/#\/schema\/logo\/image\/"},"sameAs":["https:\/\/www.facebook.com\/DaoustHR","https:\/\/www.linkedin.com\/company\/daoust","https:\/\/www.instagram.com\/daoust_hr\/"]}]}},"_links":{"self":[{"href":"https:\/\/dajobs.lademo.be\/de\/wp-json\/wp\/v2\/pages\/2706","targetHints":{"allow":["GET"]}}],"collection":[{"href":"https:\/\/dajobs.lademo.be\/de\/wp-json\/wp\/v2\/pages"}],"about":[{"href":"https:\/\/dajobs.lademo.be\/de\/wp-json\/wp\/v2\/types\/page"}],"author":[{"embeddable":true,"href":"https:\/\/dajobs.lademo.be\/de\/wp-json\/wp\/v2\/users\/1"}],"replies":[{"embeddable":true,"href":"https:\/\/dajobs.lademo.be\/de\/wp-json\/wp\/v2\/comments?post=2706"}],"version-history":[{"count":13,"href":"https:\/\/dajobs.lademo.be\/de\/wp-json\/wp\/v2\/pages\/2706\/revisions"}],"predecessor-version":[{"id":5385,"href":"https:\/\/dajobs.lademo.be\/de\/wp-json\/wp\/v2\/pages\/2706\/revisions\/5385"}],"wp:featuredmedia":[{"embeddable":true,"href":"https:\/\/dajobs.lademo.be\/de\/wp-json\/wp\/v2\/media\/5107"}],"wp:attachment":[{"href":"https:\/\/dajobs.lademo.be\/de\/wp-json\/wp\/v2\/media?parent=2706"}],"curies":[{"name":"wp","href":"https:\/\/api.w.org\/{rel}","templated":true}]}}