{"id":2768,"date":"2023-12-04T08:49:35","date_gmt":"2023-12-04T08:49:35","guid":{"rendered":"https:\/\/dajobs.lademo.be\/career-management\/outplacement\/"},"modified":"2026-01-05T07:00:43","modified_gmt":"2026-01-05T07:00:43","slug":"outplacement","status":"publish","type":"page","link":"https:\/\/dajobs.lademo.be\/de\/outplacement\/","title":{"rendered":"Outplacement"},"content":{"rendered":"","protected":false},"excerpt":{"rendered":"","protected":false},"author":1,"featured_media":0,"parent":0,"menu_order":0,"comment_status":"closed","ping_status":"closed","template":"","meta":{"_acf_changed":false,"inline_featured_image":false,"footnotes":""},"class_list":["post-2768","page","type-page","status-publish","hentry"],"acf":{"header":{"":null,"image":467,"title":"DaJobs Outplacement","text":"DaJobs revolutioniert das Outplacement!","search":false,"search_bar":{"title":"","placeholder":"","autocompletePlaceholder":"","button":""},"settings":{"visible":true,"anchor_name":""}},"sections":[{"acf_fc_layout":"text-image","left_right":false,"left_right_mobile":false,"framed":false,"text_center":true,"wysiwyg":"Sie stehen vor einer K\u00fcndigung? Diese Situation ist nie angenehm\u2026 Aber dort, wo einige ein Scheitern sehen w\u00fcrden, <strong>sehen wir eher eine Chance<\/strong>.\r\n\r\n&nbsp;\r\n\r\nSeit 2001 setzt DaJobs Outplacement alles daran, <strong>die Menschen zu begleiten<\/strong>, von denen Sie sich trennen m\u00fcssen. Und das alles in <strong>Vertrauen<\/strong>, <strong>Empathie<\/strong> und <strong>Effizienz<\/strong>.\r\n\r\n&nbsp;\r\n<h1><strong>Unser \"Body &amp; Mind\"-Ansatz<\/strong><\/h1>\r\n&nbsp;\r\n\r\nBei <strong>DaJobs Outplacement<\/strong> sind wir \u00fcberzeugt, dass es wichtig ist, die von K\u00fcndigung betroffenen Personen zuerst zu begleiten, um sie wieder i<strong>n Aktivit\u00e4t zu bringen und ihnen die Lust auf Ver\u00e4nderung zur\u00fcckzugeben<\/strong>.","button":"","image_wysiwyg":true,"image":4218,"text":"","settings":{"visible":true,"anchor_name":"","spacing_top":"medium","spacing_bottom":"medium"}},{"acf_fc_layout":"wysiwyg","framed":false,"wysiwyg":"<h2><strong>Unsere Ziele sind es, Ihnen zu helfen:<\/strong><\/h2>\r\n&nbsp;\r\n\r\n<img class=\"alignnone wp-image-201\" src=\"http:\/\/dajobs.lademo.be\/app\/uploads\/2023\/12\/frame-446-300x134.png\" alt=\"\" width=\"670\" height=\"300\" \/>\r\n\r\n&nbsp;\r\n\r\nDurch unseren auf den Menschen ausgerichteten Ansatz, unsere N\u00e4he und Empathie helfen wir Ihnen, den Weg zur\u00fcck in die Besch\u00e4ftigung zu finden.","fullwidth":false,"settings":{"visible":true,"anchor_name":"","spacing_top":"medium","spacing_bottom":"medium"}},{"acf_fc_layout":"text-image","left_right":true,"left_right_mobile":false,"framed":false,"text_center":true,"wysiwyg":"<h2><strong>Ablauf der Begleitung Ein Outplacement-Coaching<\/strong><\/h2>\r\n&nbsp;\r\n\r\nProgramm besteht aus <strong>3 Modulen zu je 20 Stunden<\/strong>, die \u00fcber einen Zeitraum von maximal 1 Jahr verteilt sind.\r\n\r\n&nbsp;\r\n\r\nDie Begleitung kann <strong>einzeln<\/strong>, in <strong>Gruppen<\/strong> oder <strong>gemischt<\/strong> erfolgen.\r\n\r\n&nbsp;\r\n\r\n<strong>Wiederaufnahmegarantie<\/strong>:\r\n\r\n&nbsp;\r\n\r\nWenn Ihr ehemaliger Mitarbeiter eine neue Stelle findet, diese jedoch innerhalb von drei Monaten verliert, <strong>kann die Outplacement-Begleitung dort fortgesetzt werden,<\/strong> wo sie unterbrochen wurde.","button":"","image_wysiwyg":true,"image":4222,"text":"","settings":{"visible":true,"anchor_name":"","spacing_top":"medium","spacing_bottom":"medium"}},{"acf_fc_layout":"accordion","items":[{"title":"Outplacement: eine gesetzliche Verpflichtung","description":"Outplacement ist in Belgien gesetzlich vorgeschrieben f\u00fcr jeden Arbeitgeber, der einen Mitarbeiter \u00fcber 45 Jahre oder mit einer K\u00fcndigungsfrist von 30 Wochen entl\u00e4sst, sowie im Falle einer Vertragsaufl\u00f6sung aus medizinischen Gr\u00fcnden h\u00f6herer Gewalt.","text":"<span style=\"text-decoration: underline;\"><a href=\"https:\/\/dajobs.lademo.be\/de\/outplacement-gesetzliche-verpflichtung\/\">Mehr Informationen hier <\/a><\/span>\r\n\r\n&nbsp;"},{"title":"Outplacement: Anleitung","description":"Wenn Sie mit einer K\u00fcndigung konfrontiert sind und unsere Dienste in Anspruch nehmen m\u00f6chten, so gehen Sie vor:","text":"<ul>\r\n \t<li><strong>Nehmen Sie Kontakt<\/strong> mit DaJobs Outplacement auf unter <a href=\"tel:02\/891 30 11\"><strong>02\/891 30 11<\/strong><\/a>\u00a0oder <strong><a href=\"mailto:outplacement@dajobs.be\">outplacement@dajobs.be<\/a><\/strong><\/li>\r\n \t<li>Wir senden Ihnen ein <strong>Angebot zur Begleitung<\/strong> Ihrer ehemaligen Mitarbeiter<\/li>\r\n \t<li>W\u00e4hlen Sie die Outplacement-Formel:\r\n<ul>\r\n \t<li><strong>Kollektives Programm<\/strong>: Sitzungen von etwa 4 Stunden, in Gruppen von durchschnittlich 4 bis 10 Personen.<\/li>\r\n \t<li><strong>Gemischtes Programm<\/strong>: Kombination aus individuellen Sitzungen und kollektiven Sitzungen<\/li>\r\n \t<li><strong>Individuelles Programm<\/strong>: Individuelle Sitzungen.<\/li>\r\n<\/ul>\r\n<\/li>\r\n \t<li><strong>Innerhalb von 15 Tagen nach dem letzten Arbeitstag bieten Sie Ihrem ehemaligen Mitarbeiter<\/strong> das Outplacement-Angebot von DaJobs schriftlich an. Dieser gibt innerhalb eines Monats nach dem Versanddatum eine Antwort per Einschreiben.<\/li>\r\n \t<li><strong>Senden Sie dieses von Ihnen unterschriebene Angebot sowie die schriftliche Best\u00e4tigung<\/strong> Ihres ehemaligen Mitarbeiters an DaJobs Outplacement.<\/li>\r\n \t<li>Sobald die Zahlung erfolgt ist, kann das Outplacement beginnen! Das <strong>Outplacement-Programm<\/strong> umfasst <strong>60 Stunden<\/strong>.<\/li>\r\n<\/ul>"}],"settings":{"visible":true,"anchor_name":"","spacing_top":"medium","spacing_bottom":"medium"}},{"acf_fc_layout":"wysiwyg","framed":false,"wysiwyg":"<h3><strong>DaJobs Outplacement in Zahlen<\/strong><\/h3>\r\n&nbsp;\r\n\r\n<img class=\"size-full wp-image-4318 aligncenter\" src=\"https:\/\/dajobs.lademo.be\/app\/uploads\/2025\/04\/op-all.jpg\" alt=\"\" width=\"1920\" height=\"1080\" \/>","fullwidth":false,"settings":{"visible":true,"anchor_name":"","spacing_top":"medium","spacing_bottom":"medium"}},{"acf_fc_layout":"contact-form","background_image":1274,"icon_choice":true,"icon_display":{"icon_type":"regular","icon":"circle-info"},"has_columns":true,"wysiwyg":"<h3>M\u00f6chten Sie mehr erfahren oder ein Angebot erhalten?<\/h3>\r\n&nbsp;\r\n\r\nF\u00fcllen Sie das Formular aus und wir werden uns mit Ihnen in Verbindung setzen.","form":"14","settings":{"visible":true,"anchor_name":"","spacing_top":"medium","spacing_bottom":"medium"}},{"acf_fc_layout":"contact","items":[{"title":"Outplacement","text":"","infos":[{"icon_type":"light","icon":"phone","text":"<a href=\"tel:02\/891.30.11\">02\/891.30.11<\/a>"},{"icon_type":"light","icon":"envelope","text":"<a href=\"mail:outplacement@dajobs.be\">outplacement@dajobs.be<\/a>"}]}],"settings":{"visible":true,"anchor_name":"","spacing_top":"medium","spacing_bottom":"medium"}}],"cta":{"":null,"background_image":2814,"title":"","items":[{"has_icon":true,"title":"We love solutions","text":"","icon_group":{"icon_type":"light","icon":"face-smile"},"image":null,"button":{"title":"Entdecken Sie unsere Werte","url":"https:\/\/dajobs.lademo.be\/valeurs\/","target":""}},{"has_icon":true,"title":"Sind Sie Arbeitgeber?","text":"","icon_group":{"icon_type":"light","icon":"handshake"},"image":null,"button":{"title":"Entdecken Sie DaConnect","url":"https:\/\/daconnect.be\/","target":"_blank"}},{"has_icon":true,"title":"M\u00fcssen Sie uns kontaktieren?","text":"","icon_group":{"icon_type":"light","icon":"headset"},"image":null,"button":{"title":"Contact","url":"https:\/\/dajobs.lademo.be\/de\/contact\/","target":""}}],"settings":{"visible":true,"anchor_name":"","heading_tag":"h2"}},"settings":{"has_offset":false}},"yoast_head":"<!-- This site is optimized with the Yoast SEO plugin v26.9 - https:\/\/yoast.com\/product\/yoast-seo-wordpress\/ -->\n<title>DaJobs Outplacement tut alles um ein Scheitern in eine Chance zu verwandeln<\/title>\n<meta name=\"description\" content=\"Wir bieten Ihnen ma\u00dfgeschneiderte Unterst\u00fctzung, um Ihren beruflichen \u00dcbergang zu erleichtern und neue Chancen zu ergreifen.\" \/>\n<meta name=\"robots\" content=\"noindex, follow, max-snippet:-1, max-image-preview:large, max-video-preview:-1\" \/>\n<meta property=\"og:locale\" content=\"de_DE\" \/>\n<meta property=\"og:type\" content=\"article\" \/>\n<meta property=\"og:title\" content=\"DaJobs Outplacement tut alles um ein Scheitern in eine Chance zu verwandeln\" \/>\n<meta property=\"og:description\" content=\"Wir bieten Ihnen ma\u00dfgeschneiderte Unterst\u00fctzung, um Ihren beruflichen \u00dcbergang zu erleichtern und neue Chancen zu ergreifen.\" \/>\n<meta property=\"og:url\" content=\"https:\/\/dajobs.lademo.be\/de\/outplacement\/\" \/>\n<meta property=\"og:site_name\" content=\"DaJobs\" \/>\n<meta property=\"article:publisher\" content=\"https:\/\/www.facebook.com\/DaoustHR\" \/>\n<meta property=\"article:modified_time\" content=\"2026-01-05T07:00:43+00:00\" \/>\n<meta name=\"twitter:card\" content=\"summary_large_image\" \/>\n<meta name=\"twitter:label1\" content=\"Est. reading time\" \/>\n\t<meta name=\"twitter:data1\" content=\"4 minutes\" \/>\n<script type=\"application\/ld+json\" class=\"yoast-schema-graph\">{\"@context\":\"https:\/\/schema.org\",\"@graph\":[{\"@type\":[\"WebPage\",\"ItemPage\"],\"@id\":\"https:\/\/dajobs.lademo.be\/de\/outplacement\/\",\"url\":\"https:\/\/dajobs.lademo.be\/de\/outplacement\/\",\"name\":\"DaJobs Outplacement tut alles um ein Scheitern in eine Chance zu verwandeln\",\"isPartOf\":{\"@id\":\"https:\/\/daoust.lademo.be\/#website\"},\"datePublished\":\"2023-12-04T08:49:35+00:00\",\"dateModified\":\"2026-01-05T07:00:43+00:00\",\"description\":\"Wir bieten Ihnen ma\u00dfgeschneiderte Unterst\u00fctzung, um Ihren beruflichen \u00dcbergang zu erleichtern und neue Chancen zu ergreifen.\",\"breadcrumb\":{\"@id\":\"https:\/\/dajobs.lademo.be\/de\/outplacement\/#breadcrumb\"},\"inLanguage\":\"de-DE\",\"potentialAction\":[{\"@type\":\"ReadAction\",\"target\":[\"https:\/\/dajobs.lademo.be\/de\/outplacement\/\"]}]},{\"@type\":\"BreadcrumbList\",\"@id\":\"https:\/\/dajobs.lademo.be\/de\/outplacement\/#breadcrumb\",\"itemListElement\":[{\"@type\":\"ListItem\",\"position\":1,\"name\":\"Home\",\"item\":\"https:\/\/dajobs.lademo.be\/de\/\"},{\"@type\":\"ListItem\",\"position\":2,\"name\":\"Outplacement\"}]},{\"@type\":\"WebSite\",\"@id\":\"https:\/\/daoust.lademo.be\/#website\",\"url\":\"https:\/\/daoust.lademo.be\/\",\"name\":\"Daoust\",\"description\":\"\",\"publisher\":{\"@id\":\"https:\/\/daoust.lademo.be\/#organization\"},\"potentialAction\":[{\"@type\":\"SearchAction\",\"target\":{\"@type\":\"EntryPoint\",\"urlTemplate\":\"https:\/\/daoust.lademo.be\/?s={search_term_string}\"},\"query-input\":{\"@type\":\"PropertyValueSpecification\",\"valueRequired\":true,\"valueName\":\"search_term_string\"}}],\"inLanguage\":\"de-DE\"},{\"@type\":\"Organization\",\"@id\":\"https:\/\/daoust.lademo.be\/#organization\",\"name\":\"Daoust\",\"url\":\"https:\/\/daoust.lademo.be\/\",\"logo\":{\"@type\":\"ImageObject\",\"inLanguage\":\"de-DE\",\"@id\":\"https:\/\/daoust.lademo.be\/#\/schema\/logo\/image\/\",\"url\":\"https:\/\/dajobs.lademo.be\/app\/uploads\/2024\/03\/group.svg\",\"contentUrl\":\"https:\/\/dajobs.lademo.be\/app\/uploads\/2024\/03\/group.svg\",\"width\":165,\"height\":23,\"caption\":\"Daoust\"},\"image\":{\"@id\":\"https:\/\/daoust.lademo.be\/#\/schema\/logo\/image\/\"},\"sameAs\":[\"https:\/\/www.facebook.com\/DaoustHR\",\"https:\/\/www.linkedin.com\/company\/daoust\",\"https:\/\/www.instagram.com\/daoust_hr\/\"]}]}<\/script>\n<!-- \/ Yoast SEO plugin. -->","yoast_head_json":{"title":"DaJobs Outplacement tut alles um ein Scheitern in eine Chance zu verwandeln","description":"Wir bieten Ihnen ma\u00dfgeschneiderte Unterst\u00fctzung, um Ihren beruflichen \u00dcbergang zu erleichtern und neue Chancen zu ergreifen.","robots":{"index":"noindex","follow":"follow","max-snippet":"max-snippet:-1","max-image-preview":"max-image-preview:large","max-video-preview":"max-video-preview:-1"},"og_locale":"de_DE","og_type":"article","og_title":"DaJobs Outplacement tut alles um ein Scheitern in eine Chance zu verwandeln","og_description":"Wir bieten Ihnen ma\u00dfgeschneiderte Unterst\u00fctzung, um Ihren beruflichen \u00dcbergang zu erleichtern und neue Chancen zu ergreifen.","og_url":"https:\/\/dajobs.lademo.be\/de\/outplacement\/","og_site_name":"DaJobs","article_publisher":"https:\/\/www.facebook.com\/DaoustHR","article_modified_time":"2026-01-05T07:00:43+00:00","twitter_card":"summary_large_image","twitter_misc":{"Est. reading time":"4 minutes"},"schema":{"@context":"https:\/\/schema.org","@graph":[{"@type":["WebPage","ItemPage"],"@id":"https:\/\/dajobs.lademo.be\/de\/outplacement\/","url":"https:\/\/dajobs.lademo.be\/de\/outplacement\/","name":"DaJobs Outplacement tut alles um ein Scheitern in eine Chance zu verwandeln","isPartOf":{"@id":"https:\/\/daoust.lademo.be\/#website"},"datePublished":"2023-12-04T08:49:35+00:00","dateModified":"2026-01-05T07:00:43+00:00","description":"Wir bieten Ihnen ma\u00dfgeschneiderte Unterst\u00fctzung, um Ihren beruflichen \u00dcbergang zu erleichtern und neue Chancen zu ergreifen.","breadcrumb":{"@id":"https:\/\/dajobs.lademo.be\/de\/outplacement\/#breadcrumb"},"inLanguage":"de-DE","potentialAction":[{"@type":"ReadAction","target":["https:\/\/dajobs.lademo.be\/de\/outplacement\/"]}]},{"@type":"BreadcrumbList","@id":"https:\/\/dajobs.lademo.be\/de\/outplacement\/#breadcrumb","itemListElement":[{"@type":"ListItem","position":1,"name":"Home","item":"https:\/\/dajobs.lademo.be\/de\/"},{"@type":"ListItem","position":2,"name":"Outplacement"}]},{"@type":"WebSite","@id":"https:\/\/daoust.lademo.be\/#website","url":"https:\/\/daoust.lademo.be\/","name":"Daoust","description":"","publisher":{"@id":"https:\/\/daoust.lademo.be\/#organization"},"potentialAction":[{"@type":"SearchAction","target":{"@type":"EntryPoint","urlTemplate":"https:\/\/daoust.lademo.be\/?s={search_term_string}"},"query-input":{"@type":"PropertyValueSpecification","valueRequired":true,"valueName":"search_term_string"}}],"inLanguage":"de-DE"},{"@type":"Organization","@id":"https:\/\/daoust.lademo.be\/#organization","name":"Daoust","url":"https:\/\/daoust.lademo.be\/","logo":{"@type":"ImageObject","inLanguage":"de-DE","@id":"https:\/\/daoust.lademo.be\/#\/schema\/logo\/image\/","url":"https:\/\/dajobs.lademo.be\/app\/uploads\/2024\/03\/group.svg","contentUrl":"https:\/\/dajobs.lademo.be\/app\/uploads\/2024\/03\/group.svg","width":165,"height":23,"caption":"Daoust"},"image":{"@id":"https:\/\/daoust.lademo.be\/#\/schema\/logo\/image\/"},"sameAs":["https:\/\/www.facebook.com\/DaoustHR","https:\/\/www.linkedin.com\/company\/daoust","https:\/\/www.instagram.com\/daoust_hr\/"]}]}},"_links":{"self":[{"href":"https:\/\/dajobs.lademo.be\/de\/wp-json\/wp\/v2\/pages\/2768","targetHints":{"allow":["GET"]}}],"collection":[{"href":"https:\/\/dajobs.lademo.be\/de\/wp-json\/wp\/v2\/pages"}],"about":[{"href":"https:\/\/dajobs.lademo.be\/de\/wp-json\/wp\/v2\/types\/page"}],"author":[{"embeddable":true,"href":"https:\/\/dajobs.lademo.be\/de\/wp-json\/wp\/v2\/users\/1"}],"replies":[{"embeddable":true,"href":"https:\/\/dajobs.lademo.be\/de\/wp-json\/wp\/v2\/comments?post=2768"}],"version-history":[{"count":6,"href":"https:\/\/dajobs.lademo.be\/de\/wp-json\/wp\/v2\/pages\/2768\/revisions"}],"predecessor-version":[{"id":5378,"href":"https:\/\/dajobs.lademo.be\/de\/wp-json\/wp\/v2\/pages\/2768\/revisions\/5378"}],"wp:attachment":[{"href":"https:\/\/dajobs.lademo.be\/de\/wp-json\/wp\/v2\/media?parent=2768"}],"curies":[{"name":"wp","href":"https:\/\/api.w.org\/{rel}","templated":true}]}}