{"id":2776,"date":"2024-01-05T09:26:39","date_gmt":"2024-01-05T09:26:39","guid":{"rendered":"https:\/\/dajobs.lademo.be\/outplacement-une-obligation-legale\/"},"modified":"2025-11-19T10:40:44","modified_gmt":"2025-11-19T10:40:44","slug":"outplacement-gesetzliche-verpflichtung","status":"publish","type":"page","link":"https:\/\/dajobs.lademo.be\/de\/outplacement-gesetzliche-verpflichtung\/","title":{"rendered":"Outplacement: eine gesetzliche Verpflichtung"},"content":{"rendered":"","protected":false},"excerpt":{"rendered":"","protected":false},"author":7,"featured_media":0,"parent":0,"menu_order":0,"comment_status":"closed","ping_status":"closed","template":"","meta":{"_acf_changed":false,"inline_featured_image":false,"footnotes":""},"class_list":["post-2776","page","type-page","status-publish","hentry"],"acf":{"header":{"":null,"image":467,"title":"Outplacement: eine gesetzliche Verpflichtung ","text":"","search":false,"search_bar":{"title":"","placeholder":"","autocompletePlaceholder":"","button":""},"settings":{"visible":true,"anchor_name":""}},"sections":[{"acf_fc_layout":"text-image","left_right":false,"left_right_mobile":false,"framed":false,"text_center":true,"wysiwyg":"Outplacement ist <strong>in Belgien gesetzlich vorgeschrieben<\/strong> f\u00fcr jeden Arbeitgeber, der einen Mitarbeiter entl\u00e4sst, der \u00e4lter <strong>als 45 Jahre ist<\/strong> und\/oder eine <strong>K\u00fcndigungsfrist von 30 Wochen hat<\/strong>.\r\n\r\n&nbsp;\r\n\r\nJe nach Art der Entlassung gibt es unterschiedliche Regeln.","button":"","image_wysiwyg":true,"image":1152,"text":"","settings":{"visible":true,"anchor_name":"","spacing_top":"medium","spacing_bottom":"medium"}},{"acf_fc_layout":"accordion","items":[{"title":"Allgemeines Outplacement-Regime","description":"Der Arbeitgeber ist verpflichtet, einem gek\u00fcndigten Mitarbeiter (unabh\u00e4ngig von seinem Alter) ein g\u00fcltiges Angebot f\u00fcr berufliche Neuorientierung zu machen, wenn die K\u00fcndigungsfrist mindestens 30 Wochen betr\u00e4gt (oder eine entsprechende Abfindung f\u00fcr den Vertragsbruch gezahlt wird).","text":"In der neuen Gesetzgebung ist jedoch eine Unterscheidung zu treffen, ob der gek\u00fcndigte Mitarbeiter eine K\u00fcndigungsfrist einhalten muss oder ob er eine Abfindung f\u00fcr den Vertragsbruch erh\u00e4lt.\r\n\r\n&nbsp;\r\n\r\n<strong>Bei Abfindungen:<\/strong>\r\n\r\n&nbsp;\r\n\r\nDer Arbeitgeber ist verpflichtet, dem gek\u00fcndigten Mitarbeiter innerhalb <strong>von 15 Tagen<\/strong> nach der K\u00fcndigung ein g\u00fcltiges Outplacement-Angebot zu unterbreiten.\r\n\r\n&nbsp;\r\n\r\nDer gek\u00fcndigte Mitarbeiter hat Anspruch auf:\r\n<ul>\r\n \t<li>Eine <strong>Abfindung<\/strong> von mindestens 26 Wochen.<\/li>\r\n \t<li>Eine <strong>Outplacement-Begleitung von 60 Stunden innerhalb eines Jahres. Vier Wochen<\/strong> seines Jahresgehalts des Vorjahres (mindestens 1.800 \u20ac und maximal 5.500 \u20ac) werden von seiner Abfindung abgezogen, um sein Neuorientierungsprogramm zu finanzieren.<\/li>\r\n<\/ul>\r\n&nbsp;\r\n\r\n<strong>Bei Einhaltung einer K\u00fcndigungsfrist:<\/strong>\r\n\r\n&nbsp;\r\n\r\nDer Arbeitgeber ist verpflichtet, dem gek\u00fcndigten Mitarbeiter innerhalb <strong>von 4 Wochen<\/strong> nach Beendigung des Arbeitsvertrags ein g\u00fcltiges Outplacement-Angebot zu unterbreiten. Der Mitarbeiter hat 4 Wochen Zeit, das Angebot anzunehmen oder abzulehnen.\r\n\r\nDer gek\u00fcndigte Mitarbeiter hat Anspruch auf eine <strong>Outplacement-Begleitung von 60 Stunden innerhalb eines Jahres<\/strong>. Die f\u00fcr das Outplacement aufgewendete Zeit wird auf den Arbeitssuchendenurlaub angerechnet.\r\n\r\nOutplacement gilt nur im <strong>\u00f6ffentlichen Sektor im Rahmen des allgemeinen Regimes<\/strong>."},{"title":"Altes Outplacement-Regime (\u201ebesonderes Regime\u201c):","description":"Ein Arbeitnehmer \u00fcber 45 Jahre, dessen K\u00fcndigungsfrist weniger als 30 Wochen betr\u00e4gt, hat unter bestimmten Bedingungen Anspruch auf Outplacement:","text":"<ul>\r\n \t<li>Er muss zum Zeitpunkt der K\u00fcndigung mindestens <strong>45 Jahre<\/strong> alt sein (die parit\u00e4tischen Kommissionen k\u00f6nnen das Alter festlegen, ab dem das Outplacement-Verfahren obligatorisch wird).<\/li>\r\n \t<li>Er darf nicht aus einem <strong>schwerwiegenden Grund<\/strong> entlassen worden sein.<\/li>\r\n \t<li>Er muss zum Zeitpunkt der K\u00fcndigung <strong>mindestens ein Jahr<\/strong> ununterbrochene Betriebszugeh\u00f6rigkeit beim Arbeitgeber haben.<\/li>\r\n \t<li><strong>Mindestens Teilzeit<\/strong> besch\u00e4ftigt sein.<\/li>\r\n \t<li>Noch nicht im <strong>Rentenalter<\/strong> sein, um Anspruch auf Rente zu haben.<\/li>\r\n<\/ul>"}],"settings":{"visible":true,"anchor_name":"","spacing_top":"medium","spacing_bottom":"medium"}},{"acf_fc_layout":"wysiwyg","framed":false,"wysiwyg":"<h1><span class=\"text-primary-500\"><strong>DaJobs ist f\u00fcr alle gek\u00fcndigten Mitarbeiter da!<\/strong><\/span><\/h1>\r\n&nbsp;\r\n\r\nM\u00fcssen Sie sich von Mitarbeitern trennen, deren K\u00fcndigungsfrist<strong> weniger als 30 Wochen<\/strong> betr\u00e4gt? Obwohl das Outplacement-Verfahren f\u00fcr sie nicht verpflichtend ist, k\u00f6nnen Sie ihnen ein freiwilliges DaJobs Outplacement anbieten und ihnen so helfen, sich wieder in den Arbeitsmarkt zu integrieren.\r\n\r\n&nbsp;\r\n\r\n<strong>M\u00f6chten Sie mehr erfahren oder ein Angebot erhalten?<\/strong>\r\n\r\nKontaktieren Sie <strong>DaJobs Outplacement<\/strong> unter <a href=\"tel:02\/891 30 11\"><strong>02\/891 30 11<\/strong><\/a>\u00a0oder per E-Mail unter <strong><a href=\"mailto:outplacement@dajobs.be\">outplacement@dajobs.be<\/a><\/strong>.","fullwidth":false,"settings":{"visible":true,"anchor_name":"","spacing_top":"medium","spacing_bottom":"medium"}}],"cta":{"":null,"background_image":null,"title":"","items":null,"settings":{"visible":true,"anchor_name":"","heading_tag":"h2"}},"settings":{"has_offset":false}},"yoast_head":"<!-- This site is optimized with the Yoast SEO plugin v26.9 - https:\/\/yoast.com\/product\/yoast-seo-wordpress\/ -->\n<title>DaJobs - Finden Sie alle Info zur Gesetzgebung zum Thema Outplacement<\/title>\n<meta name=\"description\" content=\"DaJobs hilft Ihnen, die Verpflichtungen im Bereich Outplacement zu verstehen, und unterst\u00fctzt Ihre Mitarbeiter bei ihrem beruflichen \u00dcbergang.\" \/>\n<meta name=\"robots\" content=\"noindex, follow, max-snippet:-1, max-image-preview:large, max-video-preview:-1\" \/>\n<meta property=\"og:locale\" content=\"de_DE\" \/>\n<meta property=\"og:type\" content=\"article\" \/>\n<meta property=\"og:title\" content=\"DaJobs - Finden Sie alle Info zur Gesetzgebung zum Thema Outplacement\" \/>\n<meta property=\"og:description\" content=\"DaJobs hilft Ihnen, die Verpflichtungen im Bereich Outplacement zu verstehen, und unterst\u00fctzt Ihre Mitarbeiter bei ihrem beruflichen \u00dcbergang.\" \/>\n<meta property=\"og:url\" content=\"https:\/\/dajobs.lademo.be\/de\/outplacement-gesetzliche-verpflichtung\/\" \/>\n<meta property=\"og:site_name\" content=\"DaJobs\" \/>\n<meta property=\"article:publisher\" content=\"https:\/\/www.facebook.com\/DaoustHR\" \/>\n<meta property=\"article:modified_time\" content=\"2025-11-19T10:40:44+00:00\" \/>\n<meta name=\"twitter:card\" content=\"summary_large_image\" \/>\n<meta name=\"twitter:label1\" content=\"Est. reading time\" \/>\n\t<meta name=\"twitter:data1\" content=\"3 minutes\" \/>\n<script type=\"application\/ld+json\" class=\"yoast-schema-graph\">{\"@context\":\"https:\/\/schema.org\",\"@graph\":[{\"@type\":[\"WebPage\",\"FAQPage\"],\"@id\":\"https:\/\/dajobs.lademo.be\/de\/outplacement-gesetzliche-verpflichtung\/\",\"url\":\"https:\/\/dajobs.lademo.be\/de\/outplacement-gesetzliche-verpflichtung\/\",\"name\":\"DaJobs - Finden Sie alle Info zur Gesetzgebung zum Thema Outplacement\",\"isPartOf\":{\"@id\":\"https:\/\/daoust.lademo.be\/#website\"},\"datePublished\":\"2024-01-05T09:26:39+00:00\",\"dateModified\":\"2025-11-19T10:40:44+00:00\",\"description\":\"DaJobs hilft Ihnen, die Verpflichtungen im Bereich Outplacement zu verstehen, und unterst\u00fctzt Ihre Mitarbeiter bei ihrem beruflichen \u00dcbergang.\",\"breadcrumb\":{\"@id\":\"https:\/\/dajobs.lademo.be\/de\/outplacement-gesetzliche-verpflichtung\/#breadcrumb\"},\"inLanguage\":\"de-DE\",\"potentialAction\":[{\"@type\":\"ReadAction\",\"target\":[\"https:\/\/dajobs.lademo.be\/de\/outplacement-gesetzliche-verpflichtung\/\"]}]},{\"@type\":\"BreadcrumbList\",\"@id\":\"https:\/\/dajobs.lademo.be\/de\/outplacement-gesetzliche-verpflichtung\/#breadcrumb\",\"itemListElement\":[{\"@type\":\"ListItem\",\"position\":1,\"name\":\"Home\",\"item\":\"https:\/\/dajobs.lademo.be\/de\/\"},{\"@type\":\"ListItem\",\"position\":2,\"name\":\"Outplacement: eine gesetzliche Verpflichtung\"}]},{\"@type\":\"WebSite\",\"@id\":\"https:\/\/daoust.lademo.be\/#website\",\"url\":\"https:\/\/daoust.lademo.be\/\",\"name\":\"Daoust\",\"description\":\"\",\"publisher\":{\"@id\":\"https:\/\/daoust.lademo.be\/#organization\"},\"potentialAction\":[{\"@type\":\"SearchAction\",\"target\":{\"@type\":\"EntryPoint\",\"urlTemplate\":\"https:\/\/daoust.lademo.be\/?s={search_term_string}\"},\"query-input\":{\"@type\":\"PropertyValueSpecification\",\"valueRequired\":true,\"valueName\":\"search_term_string\"}}],\"inLanguage\":\"de-DE\"},{\"@type\":\"Organization\",\"@id\":\"https:\/\/daoust.lademo.be\/#organization\",\"name\":\"Daoust\",\"url\":\"https:\/\/daoust.lademo.be\/\",\"logo\":{\"@type\":\"ImageObject\",\"inLanguage\":\"de-DE\",\"@id\":\"https:\/\/daoust.lademo.be\/#\/schema\/logo\/image\/\",\"url\":\"https:\/\/dajobs.lademo.be\/app\/uploads\/2024\/03\/group.svg\",\"contentUrl\":\"https:\/\/dajobs.lademo.be\/app\/uploads\/2024\/03\/group.svg\",\"width\":165,\"height\":23,\"caption\":\"Daoust\"},\"image\":{\"@id\":\"https:\/\/daoust.lademo.be\/#\/schema\/logo\/image\/\"},\"sameAs\":[\"https:\/\/www.facebook.com\/DaoustHR\",\"https:\/\/www.linkedin.com\/company\/daoust\",\"https:\/\/www.instagram.com\/daoust_hr\/\"]}]}<\/script>\n<!-- \/ Yoast SEO plugin. -->","yoast_head_json":{"title":"DaJobs - Finden Sie alle Info zur Gesetzgebung zum Thema Outplacement","description":"DaJobs hilft Ihnen, die Verpflichtungen im Bereich Outplacement zu verstehen, und unterst\u00fctzt Ihre Mitarbeiter bei ihrem beruflichen \u00dcbergang.","robots":{"index":"noindex","follow":"follow","max-snippet":"max-snippet:-1","max-image-preview":"max-image-preview:large","max-video-preview":"max-video-preview:-1"},"og_locale":"de_DE","og_type":"article","og_title":"DaJobs - Finden Sie alle Info zur Gesetzgebung zum Thema Outplacement","og_description":"DaJobs hilft Ihnen, die Verpflichtungen im Bereich Outplacement zu verstehen, und unterst\u00fctzt Ihre Mitarbeiter bei ihrem beruflichen \u00dcbergang.","og_url":"https:\/\/dajobs.lademo.be\/de\/outplacement-gesetzliche-verpflichtung\/","og_site_name":"DaJobs","article_publisher":"https:\/\/www.facebook.com\/DaoustHR","article_modified_time":"2025-11-19T10:40:44+00:00","twitter_card":"summary_large_image","twitter_misc":{"Est. reading time":"3 minutes"},"schema":{"@context":"https:\/\/schema.org","@graph":[{"@type":["WebPage","FAQPage"],"@id":"https:\/\/dajobs.lademo.be\/de\/outplacement-gesetzliche-verpflichtung\/","url":"https:\/\/dajobs.lademo.be\/de\/outplacement-gesetzliche-verpflichtung\/","name":"DaJobs - Finden Sie alle Info zur Gesetzgebung zum Thema Outplacement","isPartOf":{"@id":"https:\/\/daoust.lademo.be\/#website"},"datePublished":"2024-01-05T09:26:39+00:00","dateModified":"2025-11-19T10:40:44+00:00","description":"DaJobs hilft Ihnen, die Verpflichtungen im Bereich Outplacement zu verstehen, und unterst\u00fctzt Ihre Mitarbeiter bei ihrem beruflichen \u00dcbergang.","breadcrumb":{"@id":"https:\/\/dajobs.lademo.be\/de\/outplacement-gesetzliche-verpflichtung\/#breadcrumb"},"inLanguage":"de-DE","potentialAction":[{"@type":"ReadAction","target":["https:\/\/dajobs.lademo.be\/de\/outplacement-gesetzliche-verpflichtung\/"]}]},{"@type":"BreadcrumbList","@id":"https:\/\/dajobs.lademo.be\/de\/outplacement-gesetzliche-verpflichtung\/#breadcrumb","itemListElement":[{"@type":"ListItem","position":1,"name":"Home","item":"https:\/\/dajobs.lademo.be\/de\/"},{"@type":"ListItem","position":2,"name":"Outplacement: eine gesetzliche Verpflichtung"}]},{"@type":"WebSite","@id":"https:\/\/daoust.lademo.be\/#website","url":"https:\/\/daoust.lademo.be\/","name":"Daoust","description":"","publisher":{"@id":"https:\/\/daoust.lademo.be\/#organization"},"potentialAction":[{"@type":"SearchAction","target":{"@type":"EntryPoint","urlTemplate":"https:\/\/daoust.lademo.be\/?s={search_term_string}"},"query-input":{"@type":"PropertyValueSpecification","valueRequired":true,"valueName":"search_term_string"}}],"inLanguage":"de-DE"},{"@type":"Organization","@id":"https:\/\/daoust.lademo.be\/#organization","name":"Daoust","url":"https:\/\/daoust.lademo.be\/","logo":{"@type":"ImageObject","inLanguage":"de-DE","@id":"https:\/\/daoust.lademo.be\/#\/schema\/logo\/image\/","url":"https:\/\/dajobs.lademo.be\/app\/uploads\/2024\/03\/group.svg","contentUrl":"https:\/\/dajobs.lademo.be\/app\/uploads\/2024\/03\/group.svg","width":165,"height":23,"caption":"Daoust"},"image":{"@id":"https:\/\/daoust.lademo.be\/#\/schema\/logo\/image\/"},"sameAs":["https:\/\/www.facebook.com\/DaoustHR","https:\/\/www.linkedin.com\/company\/daoust","https:\/\/www.instagram.com\/daoust_hr\/"]}]}},"_links":{"self":[{"href":"https:\/\/dajobs.lademo.be\/de\/wp-json\/wp\/v2\/pages\/2776","targetHints":{"allow":["GET"]}}],"collection":[{"href":"https:\/\/dajobs.lademo.be\/de\/wp-json\/wp\/v2\/pages"}],"about":[{"href":"https:\/\/dajobs.lademo.be\/de\/wp-json\/wp\/v2\/types\/page"}],"author":[{"embeddable":true,"href":"https:\/\/dajobs.lademo.be\/de\/wp-json\/wp\/v2\/users\/7"}],"replies":[{"embeddable":true,"href":"https:\/\/dajobs.lademo.be\/de\/wp-json\/wp\/v2\/comments?post=2776"}],"version-history":[{"count":5,"href":"https:\/\/dajobs.lademo.be\/de\/wp-json\/wp\/v2\/pages\/2776\/revisions"}],"predecessor-version":[{"id":4709,"href":"https:\/\/dajobs.lademo.be\/de\/wp-json\/wp\/v2\/pages\/2776\/revisions\/4709"}],"wp:attachment":[{"href":"https:\/\/dajobs.lademo.be\/de\/wp-json\/wp\/v2\/media?parent=2776"}],"curies":[{"name":"wp","href":"https:\/\/api.w.org\/{rel}","templated":true}]}}