{"id":2415,"date":"2023-12-04T08:50:23","date_gmt":"2023-12-04T08:50:23","guid":{"rendered":"https:\/\/dajobs.lademo.be\/interim-recruitment\/"},"modified":"2026-01-02T13:31:25","modified_gmt":"2026-01-02T13:31:25","slug":"interim-recruitment","status":"publish","type":"page","link":"https:\/\/dajobs.lademo.be\/nl\/interim-recruitment\/","title":{"rendered":"Interim &#038; recruitment"},"content":{"rendered":"","protected":false},"excerpt":{"rendered":"","protected":false},"author":1,"featured_media":5116,"parent":0,"menu_order":0,"comment_status":"closed","ping_status":"closed","template":"","meta":{"_acf_changed":false,"inline_featured_image":false,"footnotes":""},"class_list":["post-2415","page","type-page","status-publish","has-post-thumbnail","hentry"],"acf":{"header":{"":null,"image":5253,"title":"Interim & Recruitment","text":"","search":true,"search_bar":{"title":"Vind je ideale job!","placeholder":"Beroep of trefwoord","autocompletePlaceholder":"Regio","button":"Zoeken"},"settings":{"visible":true,"anchor_name":""}},"sections":[{"acf_fc_layout":"text-image","left_right":false,"left_right_mobile":false,"framed":false,"text_center":false,"wysiwyg":"&nbsp;\r\n\r\n<img class=\"alignnone wp-image-4782 \" src=\"https:\/\/dajobs.lademo.be\/app\/uploads\/2025\/11\/logorecruitment-300x92.png\" alt=\"\" width=\"190\" height=\"58\" \/>\r\n<h1><strong>Op Zoek naar werk ? Ale , <\/strong><strong>\u00a0go go go !<\/strong><\/h1>\r\n&nbsp;\r\n\r\nOf je nu op zoek bent naar\u00a0<strong>een lange termijn (vast dienstverband) of korte termijn (tijdelijk contract of uitzendwerk)<\/strong>, vertrouw op DaJobs om de baan en het bedrijf te vinden die\u00a0<strong>bij jou passen.<\/strong>","button":"","image_wysiwyg":true,"image":5280,"text":"","settings":{"visible":true,"anchor_name":"","spacing_top":"large","spacing_bottom":"large"}},{"acf_fc_layout":"text-image","left_right":true,"left_right_mobile":false,"framed":false,"text_center":false,"wysiwyg":"&nbsp;\r\n\r\n&nbsp;\r\n\r\n&nbsp;\r\n\r\nJe DaJobs-consultant kent\u00a0<strong>jouw profiel<\/strong>,\u00a0<strong>werkervaring, sterke punten\/aandachtspunten en verwachtingen.<\/strong>\u00a0Voor jou is dit de garantie om de baan of opdracht te vinden die bij jou past. Voor ons is het de zekerheid dat we geen lasser vragen te gaan schoonmaken in een hotel. \ud83d\ude09\r\n\r\n&nbsp;\r\n\r\nEn omdat jij bij ons geen nummer bent, zullen onze consulenten met plezier al je vragen beantwoorden. Klik\u00a0<a href=\"https:\/\/dajobs.lademo.be\/nl\/contact\/\">hier<\/a>\u00a0om je dichtstbijzijnde JobCenter te vinden.","button":"","image_wysiwyg":true,"image":5137,"text":"","settings":{"visible":true,"anchor_name":"","spacing_top":"medium","spacing_bottom":"medium"}},{"acf_fc_layout":"numbers","background_image":null,"title":"","items":[{"number":"50K","text":"personen tewerkgesteld per jaar"},{"number":"50%","text":"van onze uitzendkrachten vindt een vast job op middellange termijn"},{"number":"+80%","text":"JobCenters in Belgi\u00eb"},{"number":"10de","text":"groote werkgever in Brussel"}],"settings":{"visible":true,"anchor_name":"","spacing_top":"medium","spacing_bottom":"medium"}},{"acf_fc_layout":"title-card-repeater","title":"Ontdek onze sectoren","items":[{"image":5259,"title":"Industrie en Techniek","link":{"title":"","url":"https:\/\/app.dajobs.be\/job-offers\/search?job_category_id[0]=18&job_category_id[1]=20&sector_id=18&_gl=1*195zb64*_ga*MTY5MDYxNDIxLjE3MDU3NTg5Njc.*_ga_BPQ9779BLE*MTcwODk0NTQxMS4yNi4xLjE3MDg5NDYwNzkuMzUuMC4w","target":"_blank"}},{"image":5217,"title":"Horeca & Catering","link":{"title":"","url":"https:\/\/app.dajobs.be\/job-offers\/search?job_category_id[0]=12&sector_id=12&_gl=1*tm66t4*_ga*MTY5MDYxNDIxLjE3MDU3NTg5Njc.*_ga_BPQ9779BLE*MTcwODk0NTQxMS4yNi4xLjE3MDg5NDYwNzkuMzUuMC4w","target":"_blank"}},{"image":858,"title":"Cleaning","link":{"title":"","url":"https:\/\/app.dajobs.be\/job-offers\/search?job_category_id[0]=10&sector_id=10&_gl=1*tm66t4*_ga*MTY5MDYxNDIxLjE3MDU3NTg5Njc.*_ga_BPQ9779BLE*MTcwODk0NTQxMS4yNi4xLjE3MDg5NDYwNzkuMzUuMC4w","target":"_blank"}},{"image":874,"title":"Retail","link":{"title":"","url":"https:\/\/app.dajobs.be\/job-offers\/search?job_category_id[0]=8&sector_id=8&_gl=1*tm66t4*_ga*MTY5MDYxNDIxLjE3MDU3NTg5Njc.*_ga_BPQ9779BLE*MTcwODk0NTQxMS4yNi4xLjE3MDg5NDYwNzkuMzUuMC4w","target":"_blank"}},{"image":5225,"title":"Office","link":{"title":"","url":"https:\/\/app.dajobs.be\/job-offers\/search?job_category_id[0]=1&sector_id=1&_gl=1*7bahgt*_ga*MTY5MDYxNDIxLjE3MDU3NTg5Njc.*_ga_BPQ9779BLE*MTcwODk0NTQxMS4yNi4xLjE3MDg5NDYwNzkuMzUuMC4w","target":"_blank"}},{"image":5267,"title":"Logistiek","link":{"title":"","url":"https:\/\/app.dajobs.be\/job-offers\/search?job_category_id[0]=13&sector_id=13&_gl=1*7bahgt*_ga*MTY5MDYxNDIxLjE3MDU3NTg5Njc.*_ga_BPQ9779BLE*MTcwODk0NTQxMS4yNi4xLjE3MDg5NDYwNzkuMzUuMC4w","target":"_blank"}},{"image":5105,"title":"Home Services","link":{"title":"","url":"https:\/\/app.dajobs.be\/job-offers\/search?job_category_id[0]=10&sector_id=10&_gl=1*7bahgt*_ga*MTY5MDYxNDIxLjE3MDU3NTg5Njc.*_ga_BPQ9779BLE*MTcwODk0NTQxMS4yNi4xLjE3MDg5NDYwNzkuMzUuMC4w","target":"_blank"}},{"image":1007,"title":"Studenten","link":{"title":"","url":"https:\/\/app.dajobs.be\/job-offers\/search?contract_type_id[0]=6&_gl=1*7bahgt*_ga*MTY5MDYxNDIxLjE3MDU3NTg5Njc.*_ga_BPQ9779BLE*MTcwODk0NTQxMS4yNi4xLjE3MDg5NDYwNzkuMzUuMC4w","target":"_blank"}}],"settings":{"visible":true,"anchor_name":"","heading_tag":"h2","spacing_top":"large","spacing_bottom":"medium"}},{"acf_fc_layout":"text-image","left_right":true,"left_right_mobile":false,"framed":true,"text_center":false,"wysiwyg":"<h2><strong>Uitzendkrachtcontrat : full experience, full flexibility<\/strong><\/h2>\r\n&nbsp;\r\n\r\n<strong>Werken als interim<\/strong>\u00a0bij DaJobs, is de gelegenheid om maximale ervaring op te doen in\u00a0<strong>de sectoren van jou keuze.<\/strong>\r\n\r\n&nbsp;\r\n\r\nTijdelijke banen kunnen vari\u00ebren in duur: \u00e9\u00e9n dag, \u00e9\u00e9n week, \u00e9\u00e9n maand of zelfs langer. Het enige wat we niet aanbieden, is een contract voor een eeuw.\r\n\r\n&nbsp;\r\n\r\n<strong>DaJobs<\/strong>\u00a0zal jouw offici\u00eble werkgever zijn. Wij zullen jouw loon aan het einde van elke week uitbetalen, na ontvangst van jouw prestatiefiche.\r\n\r\n&nbsp;\r\n\r\nJouw uitzendstatus verandert niets aan jouw wettelijke rechten als werknemer. Je hebt precies dezelfde rechten als een vaste werknemer bij de klantonderneming (ziekte, arbeidsongeval, werkloosheidsuitkeringen, kinderbijslag, vakantiegeld\u2026).\r\n\r\n&nbsp;\r\n\r\nEn omdat de toekomst nu is, ontvang je jouw contracten elektronisch #WeLoveGreen. Bekijk\u00a0<a href=\"https:\/\/www.interimsign.be\/adminbox\/\" target=\"_blank\" rel=\"noopener\">hier<\/a>\u00a0de gebruiksaanwijzing","button":{"title":"JobCenters & Contact","url":"https:\/\/dajobs.lademo.be\/nl\/contact\/","target":""},"image_wysiwyg":true,"image":5275,"text":"","settings":{"visible":true,"anchor_name":"","spacing_top":"large","spacing_bottom":"large"}},{"acf_fc_layout":"text-image","left_right":false,"left_right_mobile":false,"framed":true,"text_center":false,"wysiwyg":"<h2><strong>Vast Contract<\/strong><\/h2>\r\n&nbsp;\r\n\r\nAls je een vast dienstverband of een tijdelijk contract (direct of na een uitzendperiode) bemachtigt dankzij DaJobs, zal je een arbeidsovereenkomst ondertekenen met de klantonderneming, niet met DaJobs. Maar dat betekent niet dat we afscheid nemen. We blijven er om je te ondersteunen bij de onderhandelingen over je contract of om alle aspecten ervan te begrijpen.\r\n\r\n&nbsp;\r\n\r\nWelcome to the Family\u202f!","button":{"title":"JobCenters & Contact","url":"https:\/\/dajobs.lademo.be\/nl\/contact\/","target":""},"image_wysiwyg":true,"image":842,"text":"","settings":{"visible":true,"anchor_name":"","spacing_top":"medium","spacing_bottom":"medium"}},{"acf_fc_layout":"text-image","left_right":false,"left_right_mobile":false,"framed":true,"text_center":false,"wysiwyg":"<img class=\"alignnone size-medium wp-image-4591\" src=\"\/app\/uploads\/2025\/11\/dajob-logo.svg\" alt=\"\" width=\"135\" height=\"41\" \/>\r\n\r\nEn wat als het simpel kan? We zijn trots om DaJobs aan je voor te stellen, ons platform voor werk.\r\n\r\nDaJobs is een gebruiksvriendelijk platform dat je overal en altijd kunt gebruiken op je smartphone, tablet en computer. Het stelt je in staat om:\r\n<ul>\r\n \t<li>Banen te zoeken met behulp van kunstmatige intelligentie<\/li>\r\n \t<li>Je beschikbaarheid in te voeren om opdrachten te vinden WANNEER het jou uitkomt<\/li>\r\n \t<li>Een melding te ontvangen bij het begin van elk nieuw contract<\/li>\r\n \t<li>Je planning te bekijken met de gegevens van de klanten, hun adressen en de route<\/li>\r\n \t<li>Contact op te nemen met je JobCenter via het contactformulier<\/li>\r\n<\/ul>","button":{"title":"Ontdek DaJobs","url":"https:\/\/app.dajobs.be","target":"_blank"},"image_wysiwyg":true,"image":5292,"text":"","settings":{"visible":true,"anchor_name":"","spacing_top":"medium","spacing_bottom":"medium"}}],"cta":{"":null,"background_image":170,"title":"","items":[{"has_icon":true,"title":"We Love Solutions!","text":"","icon_group":{"icon_type":"light","icon":"face-smile"},"image":null,"button":{"title":"Ontdek onze waarden","url":"https:\/\/dajobs.lademo.be\/nl\/waarden\/","target":""}},{"has_icon":true,"title":"Bent u werkgever?","text":"","icon_group":{"icon_type":"light","icon":"headset"},"image":null,"button":{"title":"Ontdek DaConnect","url":"https:\/\/daconnect.be\/nl\/","target":"_blank"}},{"has_icon":true,"title":"Heeft u ons nodig?","text":"","icon_group":{"icon_type":"light","icon":"thumbs-up"},"image":null,"button":{"title":"Onze JobCenters","url":"https:\/\/dajobs.lademo.be\/nl\/contact\/","target":""}}],"settings":{"visible":true,"anchor_name":"","heading_tag":"h2"}},"settings":{"has_offset":false}},"yoast_head":"<!-- This site is optimized with the Yoast SEO plugin v26.9 - https:\/\/yoast.com\/product\/yoast-seo-wordpress\/ -->\n<title>Vertrouw op DaJobs om de job te vinden die bij jou past<\/title>\n<meta name=\"description\" content=\"Dankzij zijn expertise is DaJobs d\u00e9 specialist in zowel tijdelijke als vaste wervingen. Kom gerust even langs om hallo te zeggen!\" \/>\n<meta name=\"robots\" content=\"noindex, follow, max-snippet:-1, max-image-preview:large, max-video-preview:-1\" \/>\n<meta property=\"og:locale\" content=\"nl_NL\" \/>\n<meta property=\"og:type\" content=\"article\" \/>\n<meta property=\"og:title\" content=\"Vertrouw op DaJobs om de job te vinden die bij jou past\" \/>\n<meta property=\"og:description\" content=\"Dankzij zijn expertise is DaJobs d\u00e9 specialist in zowel tijdelijke als vaste wervingen. Kom gerust even langs om hallo te zeggen!\" \/>\n<meta property=\"og:url\" content=\"https:\/\/dajobs.lademo.be\/nl\/interim-recruitment\/\" \/>\n<meta property=\"og:site_name\" content=\"DaJobs\" \/>\n<meta property=\"article:publisher\" content=\"https:\/\/www.facebook.com\/DaoustHR\" \/>\n<meta property=\"article:modified_time\" content=\"2026-01-02T13:31:25+00:00\" \/>\n<meta property=\"og:image\" content=\"https:\/\/dajobs.lademo.be\/app\/uploads\/2026\/01\/visuel-beton-rgb-998x1024.jpg\" \/>\n\t<meta property=\"og:image:width\" content=\"998\" \/>\n\t<meta property=\"og:image:height\" content=\"1024\" \/>\n\t<meta property=\"og:image:type\" content=\"image\/jpeg\" \/>\n<meta name=\"twitter:card\" content=\"summary_large_image\" \/>\n<meta name=\"twitter:label1\" content=\"Est. reading time\" \/>\n\t<meta name=\"twitter:data1\" content=\"6 minutes\" \/>\n<script type=\"application\/ld+json\" class=\"yoast-schema-graph\">{\"@context\":\"https:\/\/schema.org\",\"@graph\":[{\"@type\":\"WebPage\",\"@id\":\"https:\/\/dajobs.lademo.be\/nl\/interim-recruitment\/\",\"url\":\"https:\/\/dajobs.lademo.be\/nl\/interim-recruitment\/\",\"name\":\"Vertrouw op DaJobs om de job te vinden die bij jou past\",\"isPartOf\":{\"@id\":\"https:\/\/daoust.lademo.be\/#website\"},\"primaryImageOfPage\":{\"@id\":\"https:\/\/dajobs.lademo.be\/nl\/interim-recruitment\/#primaryimage\"},\"image\":{\"@id\":\"https:\/\/dajobs.lademo.be\/nl\/interim-recruitment\/#primaryimage\"},\"thumbnailUrl\":\"https:\/\/dajobs.lademo.be\/app\/uploads\/2026\/01\/visuel-beton-rgb.jpg\",\"datePublished\":\"2023-12-04T08:50:23+00:00\",\"dateModified\":\"2026-01-02T13:31:25+00:00\",\"description\":\"Dankzij zijn expertise is DaJobs d\u00e9 specialist in zowel tijdelijke als vaste wervingen. Kom gerust even langs om hallo te zeggen!\",\"breadcrumb\":{\"@id\":\"https:\/\/dajobs.lademo.be\/nl\/interim-recruitment\/#breadcrumb\"},\"inLanguage\":\"nl-NL\",\"potentialAction\":[{\"@type\":\"ReadAction\",\"target\":[\"https:\/\/dajobs.lademo.be\/nl\/interim-recruitment\/\"]}]},{\"@type\":\"ImageObject\",\"inLanguage\":\"nl-NL\",\"@id\":\"https:\/\/dajobs.lademo.be\/nl\/interim-recruitment\/#primaryimage\",\"url\":\"https:\/\/dajobs.lademo.be\/app\/uploads\/2026\/01\/visuel-beton-rgb.jpg\",\"contentUrl\":\"https:\/\/dajobs.lademo.be\/app\/uploads\/2026\/01\/visuel-beton-rgb.jpg\",\"width\":1680,\"height\":1723},{\"@type\":\"BreadcrumbList\",\"@id\":\"https:\/\/dajobs.lademo.be\/nl\/interim-recruitment\/#breadcrumb\",\"itemListElement\":[{\"@type\":\"ListItem\",\"position\":1,\"name\":\"Home\",\"item\":\"https:\/\/dajobs.lademo.be\/nl\/\"},{\"@type\":\"ListItem\",\"position\":2,\"name\":\"Interim &#038; recruitment\"}]},{\"@type\":\"WebSite\",\"@id\":\"https:\/\/daoust.lademo.be\/#website\",\"url\":\"https:\/\/daoust.lademo.be\/\",\"name\":\"Daoust\",\"description\":\"\",\"publisher\":{\"@id\":\"https:\/\/daoust.lademo.be\/#organization\"},\"potentialAction\":[{\"@type\":\"SearchAction\",\"target\":{\"@type\":\"EntryPoint\",\"urlTemplate\":\"https:\/\/daoust.lademo.be\/?s={search_term_string}\"},\"query-input\":{\"@type\":\"PropertyValueSpecification\",\"valueRequired\":true,\"valueName\":\"search_term_string\"}}],\"inLanguage\":\"nl-NL\"},{\"@type\":\"Organization\",\"@id\":\"https:\/\/daoust.lademo.be\/#organization\",\"name\":\"Daoust\",\"url\":\"https:\/\/daoust.lademo.be\/\",\"logo\":{\"@type\":\"ImageObject\",\"inLanguage\":\"nl-NL\",\"@id\":\"https:\/\/daoust.lademo.be\/#\/schema\/logo\/image\/\",\"url\":\"https:\/\/dajobs.lademo.be\/app\/uploads\/2024\/03\/group.svg\",\"contentUrl\":\"https:\/\/dajobs.lademo.be\/app\/uploads\/2024\/03\/group.svg\",\"width\":165,\"height\":23,\"caption\":\"Daoust\"},\"image\":{\"@id\":\"https:\/\/daoust.lademo.be\/#\/schema\/logo\/image\/\"},\"sameAs\":[\"https:\/\/www.facebook.com\/DaoustHR\",\"https:\/\/www.linkedin.com\/company\/daoust\",\"https:\/\/www.instagram.com\/daoust_hr\/\"]}]}<\/script>\n<!-- \/ Yoast SEO plugin. -->","yoast_head_json":{"title":"Vertrouw op DaJobs om de job te vinden die bij jou past","description":"Dankzij zijn expertise is DaJobs d\u00e9 specialist in zowel tijdelijke als vaste wervingen. Kom gerust even langs om hallo te zeggen!","robots":{"index":"noindex","follow":"follow","max-snippet":"max-snippet:-1","max-image-preview":"max-image-preview:large","max-video-preview":"max-video-preview:-1"},"og_locale":"nl_NL","og_type":"article","og_title":"Vertrouw op DaJobs om de job te vinden die bij jou past","og_description":"Dankzij zijn expertise is DaJobs d\u00e9 specialist in zowel tijdelijke als vaste wervingen. Kom gerust even langs om hallo te zeggen!","og_url":"https:\/\/dajobs.lademo.be\/nl\/interim-recruitment\/","og_site_name":"DaJobs","article_publisher":"https:\/\/www.facebook.com\/DaoustHR","article_modified_time":"2026-01-02T13:31:25+00:00","og_image":[{"width":998,"height":1024,"url":"https:\/\/dajobs.lademo.be\/app\/uploads\/2026\/01\/visuel-beton-rgb-998x1024.jpg","type":"image\/jpeg"}],"twitter_card":"summary_large_image","twitter_misc":{"Est. reading time":"6 minutes"},"schema":{"@context":"https:\/\/schema.org","@graph":[{"@type":"WebPage","@id":"https:\/\/dajobs.lademo.be\/nl\/interim-recruitment\/","url":"https:\/\/dajobs.lademo.be\/nl\/interim-recruitment\/","name":"Vertrouw op DaJobs om de job te vinden die bij jou past","isPartOf":{"@id":"https:\/\/daoust.lademo.be\/#website"},"primaryImageOfPage":{"@id":"https:\/\/dajobs.lademo.be\/nl\/interim-recruitment\/#primaryimage"},"image":{"@id":"https:\/\/dajobs.lademo.be\/nl\/interim-recruitment\/#primaryimage"},"thumbnailUrl":"https:\/\/dajobs.lademo.be\/app\/uploads\/2026\/01\/visuel-beton-rgb.jpg","datePublished":"2023-12-04T08:50:23+00:00","dateModified":"2026-01-02T13:31:25+00:00","description":"Dankzij zijn expertise is DaJobs d\u00e9 specialist in zowel tijdelijke als vaste wervingen. Kom gerust even langs om hallo te zeggen!","breadcrumb":{"@id":"https:\/\/dajobs.lademo.be\/nl\/interim-recruitment\/#breadcrumb"},"inLanguage":"nl-NL","potentialAction":[{"@type":"ReadAction","target":["https:\/\/dajobs.lademo.be\/nl\/interim-recruitment\/"]}]},{"@type":"ImageObject","inLanguage":"nl-NL","@id":"https:\/\/dajobs.lademo.be\/nl\/interim-recruitment\/#primaryimage","url":"https:\/\/dajobs.lademo.be\/app\/uploads\/2026\/01\/visuel-beton-rgb.jpg","contentUrl":"https:\/\/dajobs.lademo.be\/app\/uploads\/2026\/01\/visuel-beton-rgb.jpg","width":1680,"height":1723},{"@type":"BreadcrumbList","@id":"https:\/\/dajobs.lademo.be\/nl\/interim-recruitment\/#breadcrumb","itemListElement":[{"@type":"ListItem","position":1,"name":"Home","item":"https:\/\/dajobs.lademo.be\/nl\/"},{"@type":"ListItem","position":2,"name":"Interim &#038; recruitment"}]},{"@type":"WebSite","@id":"https:\/\/daoust.lademo.be\/#website","url":"https:\/\/daoust.lademo.be\/","name":"Daoust","description":"","publisher":{"@id":"https:\/\/daoust.lademo.be\/#organization"},"potentialAction":[{"@type":"SearchAction","target":{"@type":"EntryPoint","urlTemplate":"https:\/\/daoust.lademo.be\/?s={search_term_string}"},"query-input":{"@type":"PropertyValueSpecification","valueRequired":true,"valueName":"search_term_string"}}],"inLanguage":"nl-NL"},{"@type":"Organization","@id":"https:\/\/daoust.lademo.be\/#organization","name":"Daoust","url":"https:\/\/daoust.lademo.be\/","logo":{"@type":"ImageObject","inLanguage":"nl-NL","@id":"https:\/\/daoust.lademo.be\/#\/schema\/logo\/image\/","url":"https:\/\/dajobs.lademo.be\/app\/uploads\/2024\/03\/group.svg","contentUrl":"https:\/\/dajobs.lademo.be\/app\/uploads\/2024\/03\/group.svg","width":165,"height":23,"caption":"Daoust"},"image":{"@id":"https:\/\/daoust.lademo.be\/#\/schema\/logo\/image\/"},"sameAs":["https:\/\/www.facebook.com\/DaoustHR","https:\/\/www.linkedin.com\/company\/daoust","https:\/\/www.instagram.com\/daoust_hr\/"]}]}},"_links":{"self":[{"href":"https:\/\/dajobs.lademo.be\/nl\/wp-json\/wp\/v2\/pages\/2415","targetHints":{"allow":["GET"]}}],"collection":[{"href":"https:\/\/dajobs.lademo.be\/nl\/wp-json\/wp\/v2\/pages"}],"about":[{"href":"https:\/\/dajobs.lademo.be\/nl\/wp-json\/wp\/v2\/types\/page"}],"author":[{"embeddable":true,"href":"https:\/\/dajobs.lademo.be\/nl\/wp-json\/wp\/v2\/users\/1"}],"replies":[{"embeddable":true,"href":"https:\/\/dajobs.lademo.be\/nl\/wp-json\/wp\/v2\/comments?post=2415"}],"version-history":[{"count":24,"href":"https:\/\/dajobs.lademo.be\/nl\/wp-json\/wp\/v2\/pages\/2415\/revisions"}],"predecessor-version":[{"id":5298,"href":"https:\/\/dajobs.lademo.be\/nl\/wp-json\/wp\/v2\/pages\/2415\/revisions\/5298"}],"wp:featuredmedia":[{"embeddable":true,"href":"https:\/\/dajobs.lademo.be\/nl\/wp-json\/wp\/v2\/media\/5116"}],"wp:attachment":[{"href":"https:\/\/dajobs.lademo.be\/nl\/wp-json\/wp\/v2\/media?parent=2415"}],"curies":[{"name":"wp","href":"https:\/\/api.w.org\/{rel}","templated":true}]}}